{"id":135,"date":"2022-06-23T15:06:16","date_gmt":"2022-06-23T13:06:16","guid":{"rendered":"http:\/\/lemanoirsurseine.ovh\/?page_id=135"},"modified":"2023-03-22T16:17:28","modified_gmt":"2023-03-22T15:17:28","slug":"comite-des-fetes","status":"publish","type":"page","link":"https:\/\/lemanoirsurseine.ovh\/?page_id=135","title":{"rendered":"comit\u00e9 des f\u00eates"},"content":{"rendered":"\t\t<div data-elementor-type=\"wp-page\" data-elementor-id=\"135\" class=\"elementor elementor-135\">\n\t\t\t\t\t\t<section class=\"elementor-section elementor-top-section elementor-element elementor-element-946e8ff elementor-section-boxed elementor-section-height-default elementor-section-height-default\" data-id=\"946e8ff\" data-element_type=\"section\" data-e-type=\"section\">\n\t\t\t\t\t\t<div class=\"elementor-container elementor-column-gap-default\">\n\t\t\t\t\t<div class=\"elementor-column elementor-col-100 elementor-top-column elementor-element elementor-element-cba89e6\" data-id=\"cba89e6\" data-element_type=\"column\" data-e-type=\"column\">\n\t\t\t<div class=\"elementor-widget-wrap elementor-element-populated\">\n\t\t\t\t\t\t<div class=\"elementor-element elementor-element-413ecaa elementor-widget elementor-widget-heading\" data-id=\"413ecaa\" data-element_type=\"widget\" data-e-type=\"widget\" data-widget_type=\"heading.default\">\n\t\t\t\t<div class=\"elementor-widget-container\">\n\t\t\t\t\t<h2 class=\"elementor-heading-title elementor-size-default\">Le Comit\u00e9 des F\u00eates organise le Samedi 8 Avril 2023 - UNE FOIRE A TOUT<\/h2>\t\t\t\t<\/div>\n\t\t\t\t<\/div>\n\t\t\t\t<div class=\"elementor-element elementor-element-631227a elementor-widget elementor-widget-image\" data-id=\"631227a\" data-element_type=\"widget\" data-e-type=\"widget\" data-widget_type=\"image.default\">\n\t\t\t\t<div class=\"elementor-widget-container\">\n\t\t\t\t\t\t\t\t\t\t\t\t\t\t\t<img decoding=\"async\" src=\"https:\/\/lemanoirsurseine.ovh\/wp-content\/uploads\/2023\/03\/20230322115951_00001-scaled.jpg\" title=\"\" alt=\"\" loading=\"lazy\" \/>\t\t\t\t\t\t\t\t\t\t\t\t\t\t\t<\/div>\n\t\t\t\t<\/div>\n\t\t\t\t\t<\/div>\n\t\t<\/div>\n\t\t\t\t\t<\/div>\n\t\t<\/section>\n\t\t\t\t<section class=\"elementor-section elementor-top-section elementor-element elementor-element-e7f6af9 elementor-section-boxed elementor-section-height-default elementor-section-height-default\" data-id=\"e7f6af9\" data-element_type=\"section\" data-e-type=\"section\">\n\t\t\t\t\t\t<div class=\"elementor-container elementor-column-gap-default\">\n\t\t\t\t\t<div class=\"elementor-column elementor-col-100 elementor-top-column elementor-element elementor-element-f1e167a\" data-id=\"f1e167a\" data-element_type=\"column\" data-e-type=\"column\">\n\t\t\t<div class=\"elementor-widget-wrap elementor-element-populated\">\n\t\t\t\t\t\t<div class=\"elementor-element elementor-element-3720193 elementor-widget elementor-widget-heading\" data-id=\"3720193\" data-element_type=\"widget\" data-e-type=\"widget\" data-widget_type=\"heading.default\">\n\t\t\t\t<div class=\"elementor-widget-container\">\n\t\t\t\t\t<h2 class=\"elementor-heading-title elementor-size-default\">LE COMITE DES FETES ORGANISE LE NO\u00cbL DES ENFANTS LE DIMANCHE 11 DECEMBRE 2022 de 14H \u00e0 17 H 00 \u00e0 la Salle \"Bernard VITIS\".<\/h2>\t\t\t\t<\/div>\n\t\t\t\t<\/div>\n\t\t\t\t<div class=\"elementor-element elementor-element-4dd921d elementor-widget elementor-widget-image\" data-id=\"4dd921d\" data-element_type=\"widget\" data-e-type=\"widget\" data-widget_type=\"image.default\">\n\t\t\t\t<div class=\"elementor-widget-container\">\n\t\t\t\t\t\t\t\t\t\t\t\t\t\t\t<img decoding=\"async\" src=\"https:\/\/lemanoirsurseine.ovh\/wp-content\/uploads\/2022\/11\/20221121160125_00001-scaled.jpg\" title=\"\" alt=\"\" loading=\"lazy\" \/>\t\t\t\t\t\t\t\t\t\t\t\t\t\t\t<\/div>\n\t\t\t\t<\/div>\n\t\t\t\t\t<\/div>\n\t\t<\/div>\n\t\t\t\t\t<\/div>\n\t\t<\/section>\n\t\t\t\t<section class=\"elementor-section elementor-top-section elementor-element elementor-element-cd06c76 elementor-section-boxed elementor-section-height-default elementor-section-height-default\" data-id=\"cd06c76\" data-element_type=\"section\" data-e-type=\"section\">\n\t\t\t\t\t\t<div class=\"elementor-container elementor-column-gap-default\">\n\t\t\t\t\t<div class=\"elementor-column elementor-col-100 elementor-top-column elementor-element elementor-element-658c26c\" data-id=\"658c26c\" data-element_type=\"column\" data-e-type=\"column\">\n\t\t\t<div class=\"elementor-widget-wrap\">\n\t\t\t\t\t\t\t<\/div>\n\t\t<\/div>\n\t\t\t\t\t<\/div>\n\t\t<\/section>\n\t\t\t\t<section class=\"elementor-section elementor-top-section elementor-element elementor-element-e91c5a2 elementor-section-boxed elementor-section-height-default elementor-section-height-default\" data-id=\"e91c5a2\" data-element_type=\"section\" data-e-type=\"section\">\n\t\t\t\t\t\t<div class=\"elementor-container elementor-column-gap-default\">\n\t\t\t\t\t<div class=\"elementor-column elementor-col-25 elementor-top-column elementor-element elementor-element-c251d16\" data-id=\"c251d16\" data-element_type=\"column\" data-e-type=\"column\" data-settings=\"{&quot;background_background&quot;:&quot;classic&quot;}\">\n\t\t\t<div class=\"elementor-widget-wrap elementor-element-populated\">\n\t\t\t\t\t\t<div class=\"elementor-element elementor-element-719465c elementor-widget elementor-widget-image\" data-id=\"719465c\" data-element_type=\"widget\" data-e-type=\"widget\" data-widget_type=\"image.default\">\n\t\t\t\t<div class=\"elementor-widget-container\">\n\t\t\t\t\t\t\t\t\t\t\t\t\t\t\t<img decoding=\"async\" width=\"150\" height=\"150\" src=\"https:\/\/lemanoirsurseine.ovh\/wp-content\/uploads\/2022\/08\/logo-manoir-web-150x150.jpg\" class=\"attachment-thumbnail size-thumbnail wp-image-231\" alt=\"\" \/>\t\t\t\t\t\t\t\t\t\t\t\t\t\t\t<\/div>\n\t\t\t\t<\/div>\n\t\t\t\t<div class=\"elementor-element elementor-element-bad3534 elementor-widget elementor-widget-text-editor\" data-id=\"bad3534\" data-element_type=\"widget\" data-e-type=\"widget\" data-widget_type=\"text-editor.default\">\n\t\t\t\t<div class=\"elementor-widget-container\">\n\t\t\t\t\t\t\t\t\t<p><strong>place George Levy<\/strong><\/p><p><strong>t\u00e9l\u00e9phone :<\/strong> 02 32 49 80 60\u00a0<\/p><p><strong>mail :<\/strong> mairie@mairielemanoir.fr<\/p>\t\t\t\t\t\t\t\t<\/div>\n\t\t\t\t<\/div>\n\t\t\t\t\t<\/div>\n\t\t<\/div>\n\t\t\t\t<div class=\"elementor-column elementor-col-25 elementor-top-column elementor-element elementor-element-887685b\" data-id=\"887685b\" data-element_type=\"column\" data-e-type=\"column\" data-settings=\"{&quot;background_background&quot;:&quot;classic&quot;}\">\n\t\t\t<div class=\"elementor-widget-wrap elementor-element-populated\">\n\t\t\t\t\t\t<div class=\"elementor-element elementor-element-74b31c2 elementor-widget elementor-widget-text-editor\" data-id=\"74b31c2\" data-element_type=\"widget\" data-e-type=\"widget\" data-widget_type=\"text-editor.default\">\n\t\t\t\t<div class=\"elementor-widget-container\">\n\t\t\t\t\t\t\t\t\t<p><strong>HORAIRES DE LA MAIRIE :<\/strong><\/p><p><strong>Lundi, Mardi, Jeudi :<\/strong><\/p><p>8h30-12h00 13h30-17h30<\/p><p><strong>Mercredi :<\/strong><\/p><p>8h30-12h00<\/p><p><strong>Vendredi :<\/strong><\/p><p>8h30-12h00 13h30-17h00<\/p>\t\t\t\t\t\t\t\t<\/div>\n\t\t\t\t<\/div>\n\t\t\t\t\t<\/div>\n\t\t<\/div>\n\t\t\t\t<div class=\"elementor-column elementor-col-25 elementor-top-column elementor-element elementor-element-4b48bdf\" data-id=\"4b48bdf\" data-element_type=\"column\" data-e-type=\"column\" data-settings=\"{&quot;background_background&quot;:&quot;classic&quot;}\">\n\t\t\t<div class=\"elementor-widget-wrap elementor-element-populated\">\n\t\t\t\t\t\t<div class=\"elementor-element elementor-element-cface0e elementor-widget elementor-widget-text-editor\" data-id=\"cface0e\" data-element_type=\"widget\" data-e-type=\"widget\" data-widget_type=\"text-editor.default\">\n\t\t\t\t<div class=\"elementor-widget-container\">\n\t\t\t\t\t\t\t\t\t<p><strong>Plan du site\u00a0<\/strong><\/p><p><strong>Mentions l\u00e9gales<\/strong><\/p>\t\t\t\t\t\t\t\t<\/div>\n\t\t\t\t<\/div>\n\t\t\t\t\t<\/div>\n\t\t<\/div>\n\t\t\t\t<div class=\"elementor-column elementor-col-25 elementor-top-column elementor-element elementor-element-7f8ea67\" data-id=\"7f8ea67\" data-element_type=\"column\" data-e-type=\"column\" data-settings=\"{&quot;background_background&quot;:&quot;classic&quot;}\">\n\t\t\t<div class=\"elementor-widget-wrap elementor-element-populated\">\n\t\t\t\t\t\t<div class=\"elementor-element elementor-element-5ce0501 elementor-view-default elementor-widget elementor-widget-icon\" data-id=\"5ce0501\" data-element_type=\"widget\" data-e-type=\"widget\" data-widget_type=\"icon.default\">\n\t\t\t\t<div class=\"elementor-widget-container\">\n\t\t\t\t\t\t\t<div class=\"elementor-icon-wrapper\">\n\t\t\t<div class=\"elementor-icon\">\n\t\t\t<i aria-hidden=\"true\" class=\"far fa-copyright\"><\/i>\t\t\t<\/div>\n\t\t<\/div>\n\t\t\t\t\t\t<\/div>\n\t\t\t\t<\/div>\n\t\t\t\t<div class=\"elementor-element elementor-element-0a3faaf elementor-widget elementor-widget-text-editor\" data-id=\"0a3faaf\" data-element_type=\"widget\" data-e-type=\"widget\" data-widget_type=\"text-editor.default\">\n\t\t\t\t<div class=\"elementor-widget-container\">\n\t\t\t\t\t\t\t\t\t<p>copyright\/<\/p><p><strong>par la mairie de Le Manoir-sur-Seine<\/strong><\/p><p>propuls\u00e9 par\u00a0l&rsquo;agence<\/p><p><strong>OB WEB DESIGNER\u00a0<\/strong><\/p>\t\t\t\t\t\t\t\t<\/div>\n\t\t\t\t<\/div>\n\t\t\t\t\t<\/div>\n\t\t<\/div>\n\t\t\t\t\t<\/div>\n\t\t<\/section>\n\t\t\t\t<\/div>\n\t\t","protected":false},"excerpt":{"rendered":"<p>Le Comit\u00e9 des F\u00eates organise le Samedi 8 Avril 2023 &#8211; UNE FOIRE A TOUT LE COMITE DES FETES ORGANISE LE NO\u00cbL DES ENFANTS LE DIMANCHE 11 DECEMBRE 2022 de 14H \u00e0 17 H 00 \u00e0 la Salle \u00ab\u00a0Bernard VITIS\u00a0\u00bb. place George Levy t\u00e9l\u00e9phone : 02 32 49 80 60\u00a0 mail : mairie@mairielemanoir.fr HORAIRES DE&nbsp;&hellip;<\/p>\n","protected":false},"author":1,"featured_media":0,"parent":0,"menu_order":0,"comment_status":"closed","ping_status":"closed","template":"","meta":{"footnotes":""},"class_list":["post-135","page","type-page","status-publish","hentry"],"yoast_head":"<!-- This site is optimized with the Yoast SEO plugin v27.1.1 - https:\/\/yoast.com\/product\/yoast-seo-wordpress\/ -->\n<title>comit\u00e9 des f\u00eates -<\/title>\n<meta name=\"robots\" content=\"index, follow, max-snippet:-1, max-image-preview:large, max-video-preview:-1\" \/>\n<link rel=\"canonical\" href=\"https:\/\/lemanoirsurseine.ovh\/?page_id=135\" \/>\n<meta property=\"og:locale\" content=\"fr_FR\" \/>\n<meta property=\"og:type\" content=\"article\" \/>\n<meta property=\"og:title\" content=\"comit\u00e9 des f\u00eates -\" \/>\n<meta property=\"og:description\" content=\"Le Comit\u00e9 des F\u00eates organise le Samedi 8 Avril 2023 &#8211; UNE FOIRE A TOUT LE COMITE DES FETES ORGANISE LE NO\u00cbL DES ENFANTS LE DIMANCHE 11 DECEMBRE 2022 de 14H \u00e0 17 H 00 \u00e0 la Salle \u00ab\u00a0Bernard VITIS\u00a0\u00bb. place George Levy t\u00e9l\u00e9phone : 02 32 49 80 60\u00a0 mail : mairie@mairielemanoir.fr HORAIRES DE&nbsp;&hellip;\" \/>\n<meta property=\"og:url\" content=\"https:\/\/lemanoirsurseine.ovh\/?page_id=135\" \/>\n<meta property=\"article:publisher\" content=\"https:\/\/www.facebook.com\/lemanoirsurseine\" \/>\n<meta property=\"article:modified_time\" content=\"2023-03-22T15:17:28+00:00\" \/>\n<meta property=\"og:image\" content=\"https:\/\/lemanoirsurseine.ovh\/wp-content\/uploads\/2023\/03\/20230322115951_00001-724x1024.jpg\" \/>\n<meta name=\"twitter:card\" content=\"summary_large_image\" \/>\n<meta name=\"twitter:label1\" content=\"Dur\u00e9e de lecture estim\u00e9e\" \/>\n\t<meta name=\"twitter:data1\" content=\"2 minutes\" \/>\n<script type=\"application\/ld+json\" class=\"yoast-schema-graph\">{\"@context\":\"https:\/\/schema.org\",\"@graph\":[{\"@type\":\"WebPage\",\"@id\":\"https:\/\/lemanoirsurseine.ovh\/?page_id=135\",\"url\":\"https:\/\/lemanoirsurseine.ovh\/?page_id=135\",\"name\":\"comit\u00e9 des f\u00eates -\",\"isPartOf\":{\"@id\":\"https:\/\/lemanoirsurseine.ovh\/#website\"},\"primaryImageOfPage\":{\"@id\":\"https:\/\/lemanoirsurseine.ovh\/?page_id=135#primaryimage\"},\"image\":{\"@id\":\"https:\/\/lemanoirsurseine.ovh\/?page_id=135#primaryimage\"},\"thumbnailUrl\":\"https:\/\/lemanoirsurseine.ovh\/wp-content\/uploads\/2023\/03\/20230322115951_00001-724x1024.jpg\",\"datePublished\":\"2022-06-23T13:06:16+00:00\",\"dateModified\":\"2023-03-22T15:17:28+00:00\",\"breadcrumb\":{\"@id\":\"https:\/\/lemanoirsurseine.ovh\/?page_id=135#breadcrumb\"},\"inLanguage\":\"fr-FR\",\"potentialAction\":[{\"@type\":\"ReadAction\",\"target\":[\"https:\/\/lemanoirsurseine.ovh\/?page_id=135\"]}]},{\"@type\":\"ImageObject\",\"inLanguage\":\"fr-FR\",\"@id\":\"https:\/\/lemanoirsurseine.ovh\/?page_id=135#primaryimage\",\"url\":\"\",\"contentUrl\":\"\"},{\"@type\":\"BreadcrumbList\",\"@id\":\"https:\/\/lemanoirsurseine.ovh\/?page_id=135#breadcrumb\",\"itemListElement\":[{\"@type\":\"ListItem\",\"position\":1,\"name\":\"Accueil\",\"item\":\"https:\/\/lemanoirsurseine.ovh\/\"},{\"@type\":\"ListItem\",\"position\":2,\"name\":\"comit\u00e9 des f\u00eates\"}]},{\"@type\":\"WebSite\",\"@id\":\"https:\/\/lemanoirsurseine.ovh\/#website\",\"url\":\"https:\/\/lemanoirsurseine.ovh\/\",\"name\":\"\",\"description\":\"\",\"publisher\":{\"@id\":\"https:\/\/lemanoirsurseine.ovh\/#organization\"},\"potentialAction\":[{\"@type\":\"SearchAction\",\"target\":{\"@type\":\"EntryPoint\",\"urlTemplate\":\"https:\/\/lemanoirsurseine.ovh\/?s={search_term_string}\"},\"query-input\":{\"@type\":\"PropertyValueSpecification\",\"valueRequired\":true,\"valueName\":\"search_term_string\"}}],\"inLanguage\":\"fr-FR\"},{\"@type\":\"Organization\",\"@id\":\"https:\/\/lemanoirsurseine.ovh\/#organization\",\"name\":\"Le Manoir-sur-Seine\",\"url\":\"https:\/\/lemanoirsurseine.ovh\/\",\"logo\":{\"@type\":\"ImageObject\",\"inLanguage\":\"fr-FR\",\"@id\":\"https:\/\/lemanoirsurseine.ovh\/#\/schema\/logo\/image\/\",\"url\":\"http:\/\/lemanoirsurseine.ovh\/wp-content\/uploads\/2022\/06\/cropped-logomanoir13-1-300x300-1.png\",\"contentUrl\":\"http:\/\/lemanoirsurseine.ovh\/wp-content\/uploads\/2022\/06\/cropped-logomanoir13-1-300x300-1.png\",\"width\":300,\"height\":300,\"caption\":\"Le Manoir-sur-Seine\"},\"image\":{\"@id\":\"https:\/\/lemanoirsurseine.ovh\/#\/schema\/logo\/image\/\"},\"sameAs\":[\"https:\/\/www.facebook.com\/lemanoirsurseine\"]}]}<\/script>\n<!-- \/ Yoast SEO plugin. -->","yoast_head_json":{"title":"comit\u00e9 des f\u00eates -","robots":{"index":"index","follow":"follow","max-snippet":"max-snippet:-1","max-image-preview":"max-image-preview:large","max-video-preview":"max-video-preview:-1"},"canonical":"https:\/\/lemanoirsurseine.ovh\/?page_id=135","og_locale":"fr_FR","og_type":"article","og_title":"comit\u00e9 des f\u00eates -","og_description":"Le Comit\u00e9 des F\u00eates organise le Samedi 8 Avril 2023 &#8211; UNE FOIRE A TOUT LE COMITE DES FETES ORGANISE LE NO\u00cbL DES ENFANTS LE DIMANCHE 11 DECEMBRE 2022 de 14H \u00e0 17 H 00 \u00e0 la Salle \u00ab\u00a0Bernard VITIS\u00a0\u00bb. place George Levy t\u00e9l\u00e9phone : 02 32 49 80 60\u00a0 mail : mairie@mairielemanoir.fr HORAIRES DE&nbsp;&hellip;","og_url":"https:\/\/lemanoirsurseine.ovh\/?page_id=135","article_publisher":"https:\/\/www.facebook.com\/lemanoirsurseine","article_modified_time":"2023-03-22T15:17:28+00:00","og_image":[{"url":"https:\/\/lemanoirsurseine.ovh\/wp-content\/uploads\/2023\/03\/20230322115951_00001-724x1024.jpg","type":"","width":"","height":""}],"twitter_card":"summary_large_image","twitter_misc":{"Dur\u00e9e de lecture estim\u00e9e":"2 minutes"},"schema":{"@context":"https:\/\/schema.org","@graph":[{"@type":"WebPage","@id":"https:\/\/lemanoirsurseine.ovh\/?page_id=135","url":"https:\/\/lemanoirsurseine.ovh\/?page_id=135","name":"comit\u00e9 des f\u00eates -","isPartOf":{"@id":"https:\/\/lemanoirsurseine.ovh\/#website"},"primaryImageOfPage":{"@id":"https:\/\/lemanoirsurseine.ovh\/?page_id=135#primaryimage"},"image":{"@id":"https:\/\/lemanoirsurseine.ovh\/?page_id=135#primaryimage"},"thumbnailUrl":"https:\/\/lemanoirsurseine.ovh\/wp-content\/uploads\/2023\/03\/20230322115951_00001-724x1024.jpg","datePublished":"2022-06-23T13:06:16+00:00","dateModified":"2023-03-22T15:17:28+00:00","breadcrumb":{"@id":"https:\/\/lemanoirsurseine.ovh\/?page_id=135#breadcrumb"},"inLanguage":"fr-FR","potentialAction":[{"@type":"ReadAction","target":["https:\/\/lemanoirsurseine.ovh\/?page_id=135"]}]},{"@type":"ImageObject","inLanguage":"fr-FR","@id":"https:\/\/lemanoirsurseine.ovh\/?page_id=135#primaryimage","url":"","contentUrl":""},{"@type":"BreadcrumbList","@id":"https:\/\/lemanoirsurseine.ovh\/?page_id=135#breadcrumb","itemListElement":[{"@type":"ListItem","position":1,"name":"Accueil","item":"https:\/\/lemanoirsurseine.ovh\/"},{"@type":"ListItem","position":2,"name":"comit\u00e9 des f\u00eates"}]},{"@type":"WebSite","@id":"https:\/\/lemanoirsurseine.ovh\/#website","url":"https:\/\/lemanoirsurseine.ovh\/","name":"","description":"","publisher":{"@id":"https:\/\/lemanoirsurseine.ovh\/#organization"},"potentialAction":[{"@type":"SearchAction","target":{"@type":"EntryPoint","urlTemplate":"https:\/\/lemanoirsurseine.ovh\/?s={search_term_string}"},"query-input":{"@type":"PropertyValueSpecification","valueRequired":true,"valueName":"search_term_string"}}],"inLanguage":"fr-FR"},{"@type":"Organization","@id":"https:\/\/lemanoirsurseine.ovh\/#organization","name":"Le Manoir-sur-Seine","url":"https:\/\/lemanoirsurseine.ovh\/","logo":{"@type":"ImageObject","inLanguage":"fr-FR","@id":"https:\/\/lemanoirsurseine.ovh\/#\/schema\/logo\/image\/","url":"http:\/\/lemanoirsurseine.ovh\/wp-content\/uploads\/2022\/06\/cropped-logomanoir13-1-300x300-1.png","contentUrl":"http:\/\/lemanoirsurseine.ovh\/wp-content\/uploads\/2022\/06\/cropped-logomanoir13-1-300x300-1.png","width":300,"height":300,"caption":"Le Manoir-sur-Seine"},"image":{"@id":"https:\/\/lemanoirsurseine.ovh\/#\/schema\/logo\/image\/"},"sameAs":["https:\/\/www.facebook.com\/lemanoirsurseine"]}]}},"_links":{"self":[{"href":"https:\/\/lemanoirsurseine.ovh\/index.php?rest_route=\/wp\/v2\/pages\/135","targetHints":{"allow":["GET"]}}],"collection":[{"href":"https:\/\/lemanoirsurseine.ovh\/index.php?rest_route=\/wp\/v2\/pages"}],"about":[{"href":"https:\/\/lemanoirsurseine.ovh\/index.php?rest_route=\/wp\/v2\/types\/page"}],"author":[{"embeddable":true,"href":"https:\/\/lemanoirsurseine.ovh\/index.php?rest_route=\/wp\/v2\/users\/1"}],"replies":[{"embeddable":true,"href":"https:\/\/lemanoirsurseine.ovh\/index.php?rest_route=%2Fwp%2Fv2%2Fcomments&post=135"}],"version-history":[{"count":34,"href":"https:\/\/lemanoirsurseine.ovh\/index.php?rest_route=\/wp\/v2\/pages\/135\/revisions"}],"predecessor-version":[{"id":3314,"href":"https:\/\/lemanoirsurseine.ovh\/index.php?rest_route=\/wp\/v2\/pages\/135\/revisions\/3314"}],"wp:attachment":[{"href":"https:\/\/lemanoirsurseine.ovh\/index.php?rest_route=%2Fwp%2Fv2%2Fmedia&parent=135"}],"curies":[{"name":"wp","href":"https:\/\/api.w.org\/{rel}","templated":true}]}}