{"id":17,"date":"2022-06-23T14:36:38","date_gmt":"2022-06-23T12:36:38","guid":{"rendered":"http:\/\/lemanoirsurseine.ovh\/?page_id=17"},"modified":"2025-08-28T16:23:08","modified_gmt":"2025-08-28T14:23:08","slug":"calendrier-de-collecte-des-dechets","status":"publish","type":"page","link":"https:\/\/lemanoirsurseine.ovh\/?page_id=17","title":{"rendered":"calendrier de collecte des d\u00e9chets"},"content":{"rendered":"\t\t<div data-elementor-type=\"wp-page\" data-elementor-id=\"17\" class=\"elementor elementor-17\">\n\t\t\t\t\t\t<section class=\"elementor-section elementor-top-section elementor-element elementor-element-44d762e elementor-section-boxed elementor-section-height-default elementor-section-height-default\" data-id=\"44d762e\" data-element_type=\"section\" data-e-type=\"section\">\n\t\t\t\t\t\t<div class=\"elementor-container elementor-column-gap-default\">\n\t\t\t\t\t<div class=\"elementor-column elementor-col-100 elementor-top-column elementor-element elementor-element-2b4edb6\" data-id=\"2b4edb6\" data-element_type=\"column\" data-e-type=\"column\">\n\t\t\t<div class=\"elementor-widget-wrap elementor-element-populated\">\n\t\t\t\t\t\t<div class=\"elementor-element elementor-element-8a0754b elementor-widget elementor-widget-heading\" data-id=\"8a0754b\" data-element_type=\"widget\" data-e-type=\"widget\" data-widget_type=\"heading.default\">\n\t\t\t\t<div class=\"elementor-widget-container\">\n\t\t\t\t\t<h3 class=\"elementor-heading-title elementor-size-default\">Calendrier de Collecte des D\u00e9chets 2025<\/h3>\t\t\t\t<\/div>\n\t\t\t\t<\/div>\n\t\t\t\t\t<\/div>\n\t\t<\/div>\n\t\t\t\t\t<\/div>\n\t\t<\/section>\n\t\t\t\t<section class=\"elementor-section elementor-top-section elementor-element elementor-element-cdac60f elementor-section-boxed elementor-section-height-default elementor-section-height-default\" data-id=\"cdac60f\" data-element_type=\"section\" data-e-type=\"section\">\n\t\t\t\t\t\t<div class=\"elementor-container elementor-column-gap-default\">\n\t\t\t\t\t<div class=\"elementor-column elementor-col-50 elementor-top-column elementor-element elementor-element-0c830ef\" data-id=\"0c830ef\" data-element_type=\"column\" data-e-type=\"column\">\n\t\t\t<div class=\"elementor-widget-wrap elementor-element-populated\">\n\t\t\t\t\t\t<div class=\"elementor-element elementor-element-12af68a elementor-widget elementor-widget-image\" data-id=\"12af68a\" data-element_type=\"widget\" data-e-type=\"widget\" data-widget_type=\"image.default\">\n\t\t\t\t<div class=\"elementor-widget-container\">\n\t\t\t\t\t\t\t\t\t\t\t\t\t\t\t<img fetchpriority=\"high\" decoding=\"async\" width=\"1024\" height=\"724\" src=\"https:\/\/lemanoirsurseine.ovh\/wp-content\/uploads\/2025\/08\/20250828162010_00001-1024x724.jpg\" class=\"attachment-large size-large wp-image-5994\" alt=\"\" srcset=\"https:\/\/lemanoirsurseine.ovh\/wp-content\/uploads\/2025\/08\/20250828162010_00001-1024x724.jpg 1024w, https:\/\/lemanoirsurseine.ovh\/wp-content\/uploads\/2025\/08\/20250828162010_00001-300x212.jpg 300w, https:\/\/lemanoirsurseine.ovh\/wp-content\/uploads\/2025\/08\/20250828162010_00001-768x543.jpg 768w, https:\/\/lemanoirsurseine.ovh\/wp-content\/uploads\/2025\/08\/20250828162010_00001-1536x1086.jpg 1536w, https:\/\/lemanoirsurseine.ovh\/wp-content\/uploads\/2025\/08\/20250828162010_00001-2048x1448.jpg 2048w, https:\/\/lemanoirsurseine.ovh\/wp-content\/uploads\/2025\/08\/20250828162010_00001-1232x871.jpg 1232w, https:\/\/lemanoirsurseine.ovh\/wp-content\/uploads\/2025\/08\/20250828162010_00001-1527x1080.jpg 1527w\" sizes=\"(max-width: 1024px) 100vw, 1024px\" \/>\t\t\t\t\t\t\t\t\t\t\t\t\t\t\t<\/div>\n\t\t\t\t<\/div>\n\t\t\t\t\t<\/div>\n\t\t<\/div>\n\t\t\t\t<div class=\"elementor-column elementor-col-50 elementor-top-column elementor-element elementor-element-6ab56dd\" data-id=\"6ab56dd\" data-element_type=\"column\" data-e-type=\"column\">\n\t\t\t<div class=\"elementor-widget-wrap elementor-element-populated\">\n\t\t\t\t\t\t<div class=\"elementor-element elementor-element-4c8dd38 elementor-widget elementor-widget-image\" data-id=\"4c8dd38\" data-element_type=\"widget\" data-e-type=\"widget\" data-widget_type=\"image.default\">\n\t\t\t\t<div class=\"elementor-widget-container\">\n\t\t\t\t\t\t\t\t\t\t\t\t\t\t\t<img decoding=\"async\" width=\"1024\" height=\"724\" src=\"https:\/\/lemanoirsurseine.ovh\/wp-content\/uploads\/2025\/08\/20250828162021_00001-1024x724.jpg\" class=\"attachment-large size-large wp-image-5995\" alt=\"\" srcset=\"https:\/\/lemanoirsurseine.ovh\/wp-content\/uploads\/2025\/08\/20250828162021_00001-1024x724.jpg 1024w, https:\/\/lemanoirsurseine.ovh\/wp-content\/uploads\/2025\/08\/20250828162021_00001-300x212.jpg 300w, https:\/\/lemanoirsurseine.ovh\/wp-content\/uploads\/2025\/08\/20250828162021_00001-768x543.jpg 768w, https:\/\/lemanoirsurseine.ovh\/wp-content\/uploads\/2025\/08\/20250828162021_00001-1536x1086.jpg 1536w, https:\/\/lemanoirsurseine.ovh\/wp-content\/uploads\/2025\/08\/20250828162021_00001-2048x1448.jpg 2048w, https:\/\/lemanoirsurseine.ovh\/wp-content\/uploads\/2025\/08\/20250828162021_00001-1232x871.jpg 1232w, https:\/\/lemanoirsurseine.ovh\/wp-content\/uploads\/2025\/08\/20250828162021_00001-1527x1080.jpg 1527w\" sizes=\"(max-width: 1024px) 100vw, 1024px\" \/>\t\t\t\t\t\t\t\t\t\t\t\t\t\t\t<\/div>\n\t\t\t\t<\/div>\n\t\t\t\t\t<\/div>\n\t\t<\/div>\n\t\t\t\t\t<\/div>\n\t\t<\/section>\n\t\t\t\t<section class=\"elementor-section elementor-top-section elementor-element elementor-element-0f4c3ff elementor-section-boxed elementor-section-height-default elementor-section-height-default\" data-id=\"0f4c3ff\" data-element_type=\"section\" data-e-type=\"section\">\n\t\t\t\t\t\t<div class=\"elementor-container elementor-column-gap-default\">\n\t\t\t\t\t<div class=\"elementor-column elementor-col-100 elementor-top-column elementor-element elementor-element-8bfa435\" data-id=\"8bfa435\" data-element_type=\"column\" data-e-type=\"column\">\n\t\t\t<div class=\"elementor-widget-wrap elementor-element-populated\">\n\t\t\t\t\t\t<div class=\"elementor-element elementor-element-f0fa47f elementor-widget elementor-widget-image\" data-id=\"f0fa47f\" data-element_type=\"widget\" data-e-type=\"widget\" data-widget_type=\"image.default\">\n\t\t\t\t<div class=\"elementor-widget-container\">\n\t\t\t\t\t\t\t\t\t\t\t\t\t\t\t<img decoding=\"async\" src=\"https:\/\/lemanoirsurseine.ovh\/wp-content\/uploads\/2025\/04\/20250409141728_00001-scaled-e1744201103456.jpg\" title=\"\" alt=\"\" loading=\"lazy\" \/>\t\t\t\t\t\t\t\t\t\t\t\t\t\t\t<\/div>\n\t\t\t\t<\/div>\n\t\t\t\t<div class=\"elementor-element elementor-element-78ed561 elementor-widget elementor-widget-image\" data-id=\"78ed561\" data-element_type=\"widget\" data-e-type=\"widget\" data-widget_type=\"image.default\">\n\t\t\t\t<div class=\"elementor-widget-container\">\n\t\t\t\t\t\t\t\t\t\t\t\t\t\t\t<img decoding=\"async\" src=\"https:\/\/lemanoirsurseine.ovh\/wp-content\/uploads\/2025\/04\/20250409141728_00002-scaled-e1744201144890.jpg\" title=\"\" alt=\"\" loading=\"lazy\" \/>\t\t\t\t\t\t\t\t\t\t\t\t\t\t\t<\/div>\n\t\t\t\t<\/div>\n\t\t\t\t\t<\/div>\n\t\t<\/div>\n\t\t\t\t\t<\/div>\n\t\t<\/section>\n\t\t\t\t<section class=\"elementor-section elementor-top-section elementor-element elementor-element-5c3d4f1 elementor-section-boxed elementor-section-height-default elementor-section-height-default\" data-id=\"5c3d4f1\" data-element_type=\"section\" data-e-type=\"section\">\n\t\t\t\t\t\t<div class=\"elementor-container elementor-column-gap-default\">\n\t\t\t\t\t<div class=\"elementor-column elementor-col-25 elementor-top-column elementor-element elementor-element-8d367d4\" data-id=\"8d367d4\" data-element_type=\"column\" data-e-type=\"column\" data-settings=\"{&quot;background_background&quot;:&quot;classic&quot;}\">\n\t\t\t<div class=\"elementor-widget-wrap elementor-element-populated\">\n\t\t\t\t\t\t<div class=\"elementor-element elementor-element-b2fc916 elementor-widget elementor-widget-image\" data-id=\"b2fc916\" data-element_type=\"widget\" data-e-type=\"widget\" data-widget_type=\"image.default\">\n\t\t\t\t<div class=\"elementor-widget-container\">\n\t\t\t\t\t\t\t\t\t\t\t\t\t\t\t<img decoding=\"async\" width=\"150\" height=\"150\" src=\"https:\/\/lemanoirsurseine.ovh\/wp-content\/uploads\/2022\/08\/logo-manoir-web-150x150.jpg\" class=\"attachment-thumbnail size-thumbnail wp-image-231\" alt=\"\" \/>\t\t\t\t\t\t\t\t\t\t\t\t\t\t\t<\/div>\n\t\t\t\t<\/div>\n\t\t\t\t<div class=\"elementor-element elementor-element-bd649e6 elementor-widget elementor-widget-text-editor\" data-id=\"bd649e6\" data-element_type=\"widget\" data-e-type=\"widget\" data-widget_type=\"text-editor.default\">\n\t\t\t\t<div class=\"elementor-widget-container\">\n\t\t\t\t\t\t\t\t\t<p><strong>place George Levy<\/strong><\/p><p><strong>t\u00e9l\u00e9phone :<\/strong> 02 32 49 80 60\u00a0<\/p><p><strong>mail :<\/strong> mairie@mairielemanoir.fr<\/p>\t\t\t\t\t\t\t\t<\/div>\n\t\t\t\t<\/div>\n\t\t\t\t\t<\/div>\n\t\t<\/div>\n\t\t\t\t<div class=\"elementor-column elementor-col-25 elementor-top-column elementor-element elementor-element-b6fdff7\" data-id=\"b6fdff7\" data-element_type=\"column\" data-e-type=\"column\" data-settings=\"{&quot;background_background&quot;:&quot;classic&quot;}\">\n\t\t\t<div class=\"elementor-widget-wrap elementor-element-populated\">\n\t\t\t\t\t\t<div class=\"elementor-element elementor-element-9614362 elementor-widget elementor-widget-text-editor\" data-id=\"9614362\" data-element_type=\"widget\" data-e-type=\"widget\" data-widget_type=\"text-editor.default\">\n\t\t\t\t<div class=\"elementor-widget-container\">\n\t\t\t\t\t\t\t\t\t<p><strong>HORAIRES DE LA MAIRIE :<\/strong><\/p><p><strong>Lundi, Mardi, Jeudi :<\/strong><\/p><p>8h30-12h00 13h30-17h30<\/p><p><strong>Mercredi :<\/strong><\/p><p>8h30-12h00<\/p><p><strong>Vendredi :<\/strong><\/p><p>8h30-12h00 13h30-17h00<\/p>\t\t\t\t\t\t\t\t<\/div>\n\t\t\t\t<\/div>\n\t\t\t\t\t<\/div>\n\t\t<\/div>\n\t\t\t\t<div class=\"elementor-column elementor-col-25 elementor-top-column elementor-element elementor-element-463e419\" data-id=\"463e419\" data-element_type=\"column\" data-e-type=\"column\" data-settings=\"{&quot;background_background&quot;:&quot;classic&quot;}\">\n\t\t\t<div class=\"elementor-widget-wrap elementor-element-populated\">\n\t\t\t\t\t\t<div class=\"elementor-element elementor-element-3887c24 elementor-widget elementor-widget-text-editor\" data-id=\"3887c24\" data-element_type=\"widget\" data-e-type=\"widget\" data-widget_type=\"text-editor.default\">\n\t\t\t\t<div class=\"elementor-widget-container\">\n\t\t\t\t\t\t\t\t\t<p><strong>Plan du site\u00a0<\/strong><\/p><p><strong>Mentions l\u00e9gales<\/strong><\/p>\t\t\t\t\t\t\t\t<\/div>\n\t\t\t\t<\/div>\n\t\t\t\t\t<\/div>\n\t\t<\/div>\n\t\t\t\t<div class=\"elementor-column elementor-col-25 elementor-top-column elementor-element elementor-element-65b6598\" data-id=\"65b6598\" data-element_type=\"column\" data-e-type=\"column\" data-settings=\"{&quot;background_background&quot;:&quot;classic&quot;}\">\n\t\t\t<div class=\"elementor-widget-wrap elementor-element-populated\">\n\t\t\t\t\t\t<div class=\"elementor-element elementor-element-2acce71 elementor-view-default elementor-widget elementor-widget-icon\" data-id=\"2acce71\" data-element_type=\"widget\" data-e-type=\"widget\" data-widget_type=\"icon.default\">\n\t\t\t\t<div class=\"elementor-widget-container\">\n\t\t\t\t\t\t\t<div class=\"elementor-icon-wrapper\">\n\t\t\t<div class=\"elementor-icon\">\n\t\t\t<i aria-hidden=\"true\" class=\"far fa-copyright\"><\/i>\t\t\t<\/div>\n\t\t<\/div>\n\t\t\t\t\t\t<\/div>\n\t\t\t\t<\/div>\n\t\t\t\t<div class=\"elementor-element elementor-element-7713d2c elementor-widget elementor-widget-text-editor\" data-id=\"7713d2c\" data-element_type=\"widget\" data-e-type=\"widget\" data-widget_type=\"text-editor.default\">\n\t\t\t\t<div class=\"elementor-widget-container\">\n\t\t\t\t\t\t\t\t\t<p>copyright\/<\/p><p><strong>par la mairie de Le Manoir-sur-Seine<\/strong><\/p><p>propuls\u00e9 par\u00a0l&rsquo;agence<\/p><p><strong>OB WEB DESIGNER\u00a0<\/strong><\/p>\t\t\t\t\t\t\t\t<\/div>\n\t\t\t\t<\/div>\n\t\t\t\t\t<\/div>\n\t\t<\/div>\n\t\t\t\t\t<\/div>\n\t\t<\/section>\n\t\t\t\t<\/div>\n\t\t","protected":false},"excerpt":{"rendered":"<p>Calendrier de Collecte des D\u00e9chets 2025 place George Levy t\u00e9l\u00e9phone : 02 32 49 80 60\u00a0 mail : mairie@mairielemanoir.fr HORAIRES DE LA MAIRIE : Lundi, Mardi, Jeudi : 8h30-12h00 13h30-17h30 Mercredi : 8h30-12h00 Vendredi : 8h30-12h00 13h30-17h00 Plan du site\u00a0 Mentions l\u00e9gales copyright\/ par la mairie de Le Manoir-sur-Seine propuls\u00e9 par\u00a0l&rsquo;agence OB WEB DESIGNER\u00a0<\/p>\n","protected":false},"author":1,"featured_media":0,"parent":0,"menu_order":0,"comment_status":"closed","ping_status":"closed","template":"","meta":{"footnotes":""},"class_list":["post-17","page","type-page","status-publish","hentry"],"yoast_head":"<!-- This site is optimized with the Yoast SEO plugin v27.1.1 - https:\/\/yoast.com\/product\/yoast-seo-wordpress\/ -->\n<title>calendrier de collecte des d\u00e9chets -<\/title>\n<meta name=\"robots\" content=\"index, follow, max-snippet:-1, max-image-preview:large, max-video-preview:-1\" \/>\n<link rel=\"canonical\" href=\"https:\/\/lemanoirsurseine.ovh\/?page_id=17\" \/>\n<meta property=\"og:locale\" content=\"fr_FR\" \/>\n<meta property=\"og:type\" content=\"article\" \/>\n<meta property=\"og:title\" content=\"calendrier de collecte des d\u00e9chets -\" \/>\n<meta property=\"og:description\" content=\"Calendrier de Collecte des D\u00e9chets 2025 place George Levy t\u00e9l\u00e9phone : 02 32 49 80 60\u00a0 mail : mairie@mairielemanoir.fr HORAIRES DE LA MAIRIE : Lundi, Mardi, Jeudi : 8h30-12h00 13h30-17h30 Mercredi : 8h30-12h00 Vendredi : 8h30-12h00 13h30-17h00 Plan du site\u00a0 Mentions l\u00e9gales copyright\/ par la mairie de Le Manoir-sur-Seine propuls\u00e9 par\u00a0l&rsquo;agence OB WEB DESIGNER\u00a0\" \/>\n<meta property=\"og:url\" content=\"https:\/\/lemanoirsurseine.ovh\/?page_id=17\" \/>\n<meta property=\"article:publisher\" content=\"https:\/\/www.facebook.com\/lemanoirsurseine\" \/>\n<meta property=\"article:modified_time\" content=\"2025-08-28T14:23:08+00:00\" \/>\n<meta property=\"og:image\" content=\"https:\/\/lemanoirsurseine.ovh\/wp-content\/uploads\/2025\/08\/20250828162010_00001-scaled.jpg\" \/>\n\t<meta property=\"og:image:width\" content=\"2560\" \/>\n\t<meta property=\"og:image:height\" content=\"1810\" \/>\n\t<meta property=\"og:image:type\" content=\"image\/jpeg\" \/>\n<meta name=\"twitter:card\" content=\"summary_large_image\" \/>\n<meta name=\"twitter:label1\" content=\"Dur\u00e9e de lecture estim\u00e9e\" \/>\n\t<meta name=\"twitter:data1\" content=\"2 minutes\" \/>\n<script type=\"application\/ld+json\" class=\"yoast-schema-graph\">{\"@context\":\"https:\/\/schema.org\",\"@graph\":[{\"@type\":\"WebPage\",\"@id\":\"https:\/\/lemanoirsurseine.ovh\/?page_id=17\",\"url\":\"https:\/\/lemanoirsurseine.ovh\/?page_id=17\",\"name\":\"calendrier de collecte des d\u00e9chets -\",\"isPartOf\":{\"@id\":\"https:\/\/lemanoirsurseine.ovh\/#website\"},\"primaryImageOfPage\":{\"@id\":\"https:\/\/lemanoirsurseine.ovh\/?page_id=17#primaryimage\"},\"image\":{\"@id\":\"https:\/\/lemanoirsurseine.ovh\/?page_id=17#primaryimage\"},\"thumbnailUrl\":\"https:\/\/lemanoirsurseine.ovh\/wp-content\/uploads\/2025\/08\/20250828162010_00001-1024x724.jpg\",\"datePublished\":\"2022-06-23T12:36:38+00:00\",\"dateModified\":\"2025-08-28T14:23:08+00:00\",\"breadcrumb\":{\"@id\":\"https:\/\/lemanoirsurseine.ovh\/?page_id=17#breadcrumb\"},\"inLanguage\":\"fr-FR\",\"potentialAction\":[{\"@type\":\"ReadAction\",\"target\":[\"https:\/\/lemanoirsurseine.ovh\/?page_id=17\"]}]},{\"@type\":\"ImageObject\",\"inLanguage\":\"fr-FR\",\"@id\":\"https:\/\/lemanoirsurseine.ovh\/?page_id=17#primaryimage\",\"url\":\"https:\/\/lemanoirsurseine.ovh\/wp-content\/uploads\/2025\/08\/20250828162010_00001-scaled.jpg\",\"contentUrl\":\"https:\/\/lemanoirsurseine.ovh\/wp-content\/uploads\/2025\/08\/20250828162010_00001-scaled.jpg\",\"width\":2560,\"height\":1810},{\"@type\":\"BreadcrumbList\",\"@id\":\"https:\/\/lemanoirsurseine.ovh\/?page_id=17#breadcrumb\",\"itemListElement\":[{\"@type\":\"ListItem\",\"position\":1,\"name\":\"Accueil\",\"item\":\"https:\/\/lemanoirsurseine.ovh\/\"},{\"@type\":\"ListItem\",\"position\":2,\"name\":\"calendrier de collecte des d\u00e9chets\"}]},{\"@type\":\"WebSite\",\"@id\":\"https:\/\/lemanoirsurseine.ovh\/#website\",\"url\":\"https:\/\/lemanoirsurseine.ovh\/\",\"name\":\"\",\"description\":\"\",\"publisher\":{\"@id\":\"https:\/\/lemanoirsurseine.ovh\/#organization\"},\"potentialAction\":[{\"@type\":\"SearchAction\",\"target\":{\"@type\":\"EntryPoint\",\"urlTemplate\":\"https:\/\/lemanoirsurseine.ovh\/?s={search_term_string}\"},\"query-input\":{\"@type\":\"PropertyValueSpecification\",\"valueRequired\":true,\"valueName\":\"search_term_string\"}}],\"inLanguage\":\"fr-FR\"},{\"@type\":\"Organization\",\"@id\":\"https:\/\/lemanoirsurseine.ovh\/#organization\",\"name\":\"Le Manoir-sur-Seine\",\"url\":\"https:\/\/lemanoirsurseine.ovh\/\",\"logo\":{\"@type\":\"ImageObject\",\"inLanguage\":\"fr-FR\",\"@id\":\"https:\/\/lemanoirsurseine.ovh\/#\/schema\/logo\/image\/\",\"url\":\"http:\/\/lemanoirsurseine.ovh\/wp-content\/uploads\/2022\/06\/cropped-logomanoir13-1-300x300-1.png\",\"contentUrl\":\"http:\/\/lemanoirsurseine.ovh\/wp-content\/uploads\/2022\/06\/cropped-logomanoir13-1-300x300-1.png\",\"width\":300,\"height\":300,\"caption\":\"Le Manoir-sur-Seine\"},\"image\":{\"@id\":\"https:\/\/lemanoirsurseine.ovh\/#\/schema\/logo\/image\/\"},\"sameAs\":[\"https:\/\/www.facebook.com\/lemanoirsurseine\"]}]}<\/script>\n<!-- \/ Yoast SEO plugin. -->","yoast_head_json":{"title":"calendrier de collecte des d\u00e9chets -","robots":{"index":"index","follow":"follow","max-snippet":"max-snippet:-1","max-image-preview":"max-image-preview:large","max-video-preview":"max-video-preview:-1"},"canonical":"https:\/\/lemanoirsurseine.ovh\/?page_id=17","og_locale":"fr_FR","og_type":"article","og_title":"calendrier de collecte des d\u00e9chets -","og_description":"Calendrier de Collecte des D\u00e9chets 2025 place George Levy t\u00e9l\u00e9phone : 02 32 49 80 60\u00a0 mail : mairie@mairielemanoir.fr HORAIRES DE LA MAIRIE : Lundi, Mardi, Jeudi : 8h30-12h00 13h30-17h30 Mercredi : 8h30-12h00 Vendredi : 8h30-12h00 13h30-17h00 Plan du site\u00a0 Mentions l\u00e9gales copyright\/ par la mairie de Le Manoir-sur-Seine propuls\u00e9 par\u00a0l&rsquo;agence OB WEB DESIGNER\u00a0","og_url":"https:\/\/lemanoirsurseine.ovh\/?page_id=17","article_publisher":"https:\/\/www.facebook.com\/lemanoirsurseine","article_modified_time":"2025-08-28T14:23:08+00:00","og_image":[{"width":2560,"height":1810,"url":"https:\/\/lemanoirsurseine.ovh\/wp-content\/uploads\/2025\/08\/20250828162010_00001-scaled.jpg","type":"image\/jpeg"}],"twitter_card":"summary_large_image","twitter_misc":{"Dur\u00e9e de lecture estim\u00e9e":"2 minutes"},"schema":{"@context":"https:\/\/schema.org","@graph":[{"@type":"WebPage","@id":"https:\/\/lemanoirsurseine.ovh\/?page_id=17","url":"https:\/\/lemanoirsurseine.ovh\/?page_id=17","name":"calendrier de collecte des d\u00e9chets -","isPartOf":{"@id":"https:\/\/lemanoirsurseine.ovh\/#website"},"primaryImageOfPage":{"@id":"https:\/\/lemanoirsurseine.ovh\/?page_id=17#primaryimage"},"image":{"@id":"https:\/\/lemanoirsurseine.ovh\/?page_id=17#primaryimage"},"thumbnailUrl":"https:\/\/lemanoirsurseine.ovh\/wp-content\/uploads\/2025\/08\/20250828162010_00001-1024x724.jpg","datePublished":"2022-06-23T12:36:38+00:00","dateModified":"2025-08-28T14:23:08+00:00","breadcrumb":{"@id":"https:\/\/lemanoirsurseine.ovh\/?page_id=17#breadcrumb"},"inLanguage":"fr-FR","potentialAction":[{"@type":"ReadAction","target":["https:\/\/lemanoirsurseine.ovh\/?page_id=17"]}]},{"@type":"ImageObject","inLanguage":"fr-FR","@id":"https:\/\/lemanoirsurseine.ovh\/?page_id=17#primaryimage","url":"https:\/\/lemanoirsurseine.ovh\/wp-content\/uploads\/2025\/08\/20250828162010_00001-scaled.jpg","contentUrl":"https:\/\/lemanoirsurseine.ovh\/wp-content\/uploads\/2025\/08\/20250828162010_00001-scaled.jpg","width":2560,"height":1810},{"@type":"BreadcrumbList","@id":"https:\/\/lemanoirsurseine.ovh\/?page_id=17#breadcrumb","itemListElement":[{"@type":"ListItem","position":1,"name":"Accueil","item":"https:\/\/lemanoirsurseine.ovh\/"},{"@type":"ListItem","position":2,"name":"calendrier de collecte des d\u00e9chets"}]},{"@type":"WebSite","@id":"https:\/\/lemanoirsurseine.ovh\/#website","url":"https:\/\/lemanoirsurseine.ovh\/","name":"","description":"","publisher":{"@id":"https:\/\/lemanoirsurseine.ovh\/#organization"},"potentialAction":[{"@type":"SearchAction","target":{"@type":"EntryPoint","urlTemplate":"https:\/\/lemanoirsurseine.ovh\/?s={search_term_string}"},"query-input":{"@type":"PropertyValueSpecification","valueRequired":true,"valueName":"search_term_string"}}],"inLanguage":"fr-FR"},{"@type":"Organization","@id":"https:\/\/lemanoirsurseine.ovh\/#organization","name":"Le Manoir-sur-Seine","url":"https:\/\/lemanoirsurseine.ovh\/","logo":{"@type":"ImageObject","inLanguage":"fr-FR","@id":"https:\/\/lemanoirsurseine.ovh\/#\/schema\/logo\/image\/","url":"http:\/\/lemanoirsurseine.ovh\/wp-content\/uploads\/2022\/06\/cropped-logomanoir13-1-300x300-1.png","contentUrl":"http:\/\/lemanoirsurseine.ovh\/wp-content\/uploads\/2022\/06\/cropped-logomanoir13-1-300x300-1.png","width":300,"height":300,"caption":"Le Manoir-sur-Seine"},"image":{"@id":"https:\/\/lemanoirsurseine.ovh\/#\/schema\/logo\/image\/"},"sameAs":["https:\/\/www.facebook.com\/lemanoirsurseine"]}]}},"_links":{"self":[{"href":"https:\/\/lemanoirsurseine.ovh\/index.php?rest_route=\/wp\/v2\/pages\/17","targetHints":{"allow":["GET"]}}],"collection":[{"href":"https:\/\/lemanoirsurseine.ovh\/index.php?rest_route=\/wp\/v2\/pages"}],"about":[{"href":"https:\/\/lemanoirsurseine.ovh\/index.php?rest_route=\/wp\/v2\/types\/page"}],"author":[{"embeddable":true,"href":"https:\/\/lemanoirsurseine.ovh\/index.php?rest_route=\/wp\/v2\/users\/1"}],"replies":[{"embeddable":true,"href":"https:\/\/lemanoirsurseine.ovh\/index.php?rest_route=%2Fwp%2Fv2%2Fcomments&post=17"}],"version-history":[{"count":37,"href":"https:\/\/lemanoirsurseine.ovh\/index.php?rest_route=\/wp\/v2\/pages\/17\/revisions"}],"predecessor-version":[{"id":5998,"href":"https:\/\/lemanoirsurseine.ovh\/index.php?rest_route=\/wp\/v2\/pages\/17\/revisions\/5998"}],"wp:attachment":[{"href":"https:\/\/lemanoirsurseine.ovh\/index.php?rest_route=%2Fwp%2Fv2%2Fmedia&parent=17"}],"curies":[{"name":"wp","href":"https:\/\/api.w.org\/{rel}","templated":true}]}}