{"id":39,"date":"2022-06-23T14:45:03","date_gmt":"2022-06-23T12:45:03","guid":{"rendered":"http:\/\/lemanoirsurseine.ovh\/?page_id=39"},"modified":"2022-08-15T15:39:12","modified_gmt":"2022-08-15T13:39:12","slug":"declaration-prealable","status":"publish","type":"page","link":"https:\/\/lemanoirsurseine.ovh\/?page_id=39","title":{"rendered":"d\u00e9claration pr\u00e9alable"},"content":{"rendered":"\t\t<div data-elementor-type=\"wp-page\" data-elementor-id=\"39\" class=\"elementor elementor-39\">\n\t\t\t\t\t\t<section class=\"elementor-section elementor-top-section elementor-element elementor-element-26da296 elementor-section-boxed elementor-section-height-default elementor-section-height-default\" data-id=\"26da296\" data-element_type=\"section\" data-e-type=\"section\">\n\t\t\t\t\t\t<div class=\"elementor-container elementor-column-gap-default\">\n\t\t\t\t\t<div class=\"elementor-column elementor-col-100 elementor-top-column elementor-element elementor-element-14d3fec\" data-id=\"14d3fec\" data-element_type=\"column\" data-e-type=\"column\">\n\t\t\t<div class=\"elementor-widget-wrap elementor-element-populated\">\n\t\t\t\t\t\t<div class=\"elementor-element elementor-element-965af02 elementor-widget elementor-widget-image\" data-id=\"965af02\" data-element_type=\"widget\" data-e-type=\"widget\" data-widget_type=\"image.default\">\n\t\t\t\t<div class=\"elementor-widget-container\">\n\t\t\t\t\t\t\t\t\t\t\t\t\t\t\t<img fetchpriority=\"high\" decoding=\"async\" width=\"768\" height=\"512\" src=\"https:\/\/lemanoirsurseine.ovh\/wp-content\/uploads\/2022\/08\/declaration-prealableweb-768x512.jpg\" class=\"attachment-medium_large size-medium_large wp-image-207\" alt=\"\" srcset=\"https:\/\/lemanoirsurseine.ovh\/wp-content\/uploads\/2022\/08\/declaration-prealableweb-768x512.jpg 768w, https:\/\/lemanoirsurseine.ovh\/wp-content\/uploads\/2022\/08\/declaration-prealableweb-300x200.jpg 300w, https:\/\/lemanoirsurseine.ovh\/wp-content\/uploads\/2022\/08\/declaration-prealableweb-1024x683.jpg 1024w, https:\/\/lemanoirsurseine.ovh\/wp-content\/uploads\/2022\/08\/declaration-prealableweb-1536x1024.jpg 1536w, https:\/\/lemanoirsurseine.ovh\/wp-content\/uploads\/2022\/08\/declaration-prealableweb-1232x821.jpg 1232w, https:\/\/lemanoirsurseine.ovh\/wp-content\/uploads\/2022\/08\/declaration-prealableweb-1620x1080.jpg 1620w, https:\/\/lemanoirsurseine.ovh\/wp-content\/uploads\/2022\/08\/declaration-prealableweb.jpg 1920w\" sizes=\"(max-width: 768px) 100vw, 768px\" \/>\t\t\t\t\t\t\t\t\t\t\t\t\t\t\t<\/div>\n\t\t\t\t<\/div>\n\t\t\t\t\t<\/div>\n\t\t<\/div>\n\t\t\t\t\t<\/div>\n\t\t<\/section>\n\t\t\t\t<section class=\"elementor-section elementor-top-section elementor-element elementor-element-1f2206e elementor-section-boxed elementor-section-height-default elementor-section-height-default\" data-id=\"1f2206e\" data-element_type=\"section\" data-e-type=\"section\">\n\t\t\t\t\t\t<div class=\"elementor-container elementor-column-gap-default\">\n\t\t\t\t\t<div class=\"elementor-column elementor-col-100 elementor-top-column elementor-element elementor-element-e8eba51\" data-id=\"e8eba51\" data-element_type=\"column\" data-e-type=\"column\">\n\t\t\t<div class=\"elementor-widget-wrap elementor-element-populated\">\n\t\t\t\t\t\t<div class=\"elementor-element elementor-element-8bf40d4 elementor-widget elementor-widget-text-editor\" data-id=\"8bf40d4\" data-element_type=\"widget\" data-e-type=\"widget\" data-widget_type=\"text-editor.default\">\n\t\t\t\t<div class=\"elementor-widget-container\">\n\t\t\t\t\t\t\t\t\t<p><strong>Ce document doit \u00eatre d\u00e9pos\u00e9 en mairie (ou envoy\u00e9 en LRAR) quand votre projet consiste \u00e0\u00a0:<\/strong><br \/>\u00a0Des travaux de ravalement de fa\u00e7ades et\/ou ayant pour effet de modifier l\u2019aspect ext\u00e9rieur du b\u00e2timent existant.<\/p><p><br \/>Cr\u00e9er une surface de plancher\u00a0 sup\u00e9rieure de 5 m\u00b2 et inf\u00e9rieure ou \u00e9gale \u00e0 20m\u00b2.<\/p><p><br \/>Cr\u00e9er des installations l\u00e9g\u00e8res de loisirs implant\u00e9es dans les conditions d\u00e9finies \u00e0 l\u2019article R.111-32, dont la surface de plancher\u00a0 est sup\u00e9rieure \u00e0 35 m\u00b2.<\/p><p><br \/>Cr\u00e9er des piscines fixes de plus de 10 m\u00b2 et de moins de 100 m\u00b2 qui ne sont pas couvertes ou dont la couverture,fixe ou mobile, a une hauteur au-dessus du sol inf\u00e9rieure \u00e0 1m80.<\/p><p>Des changements de destination d\u2019un b\u00e2timent existant sans aucun travaux ou avec des travaux qui ne touchent pas \u00e0 la structure porteuse du b\u00e2timent ou qui ne changent pas la fa\u00e7ade.<\/p><p>( Lien Cerfa D\u00e9claration pr\u00e9alable :<a href=\"https:\/\/www.formulaires.service-public.fr\/gf\/cerfa_13404.do\">\u00a0https:\/\/www.formulaires.service-public.fr\/gf\/cerfa_13404.do<\/a>)<br \/>( Lien Cerfa D\u00e9claration pr\u00e9alable maison individuelle :\u00a0<a href=\"https:\/\/www.formulaires.service-public.fr\/gf\/cerfa_13703.do\">https:\/\/www.formulaires.service-public.fr\/gf\/cerfa_13703.do<\/a>)<\/p>\t\t\t\t\t\t\t\t<\/div>\n\t\t\t\t<\/div>\n\t\t\t\t\t<\/div>\n\t\t<\/div>\n\t\t\t\t\t<\/div>\n\t\t<\/section>\n\t\t\t\t<section class=\"elementor-section elementor-top-section elementor-element elementor-element-7b9de38 elementor-section-boxed elementor-section-height-default elementor-section-height-default\" data-id=\"7b9de38\" data-element_type=\"section\" data-e-type=\"section\">\n\t\t\t\t\t\t<div class=\"elementor-container elementor-column-gap-default\">\n\t\t\t\t\t<div class=\"elementor-column elementor-col-25 elementor-top-column elementor-element elementor-element-56763be\" data-id=\"56763be\" data-element_type=\"column\" data-e-type=\"column\" data-settings=\"{&quot;background_background&quot;:&quot;classic&quot;}\">\n\t\t\t<div class=\"elementor-widget-wrap elementor-element-populated\">\n\t\t\t\t\t\t<div class=\"elementor-element elementor-element-ceca57d elementor-widget elementor-widget-image\" data-id=\"ceca57d\" data-element_type=\"widget\" data-e-type=\"widget\" data-widget_type=\"image.default\">\n\t\t\t\t<div class=\"elementor-widget-container\">\n\t\t\t\t\t\t\t\t\t\t\t\t\t\t\t<img decoding=\"async\" width=\"150\" height=\"150\" src=\"https:\/\/lemanoirsurseine.ovh\/wp-content\/uploads\/2022\/08\/logo-manoir-web-150x150.jpg\" class=\"attachment-thumbnail size-thumbnail wp-image-231\" alt=\"\" \/>\t\t\t\t\t\t\t\t\t\t\t\t\t\t\t<\/div>\n\t\t\t\t<\/div>\n\t\t\t\t<div class=\"elementor-element elementor-element-cb41496 elementor-widget elementor-widget-text-editor\" data-id=\"cb41496\" data-element_type=\"widget\" data-e-type=\"widget\" data-widget_type=\"text-editor.default\">\n\t\t\t\t<div class=\"elementor-widget-container\">\n\t\t\t\t\t\t\t\t\t<p><strong>place George Levy<\/strong><\/p><p><strong>t\u00e9l\u00e9phone :<\/strong> 02 32 49 80 60\u00a0<\/p><p><strong>mail :<\/strong> mairie@mairielemanoir.fr<\/p>\t\t\t\t\t\t\t\t<\/div>\n\t\t\t\t<\/div>\n\t\t\t\t\t<\/div>\n\t\t<\/div>\n\t\t\t\t<div class=\"elementor-column elementor-col-25 elementor-top-column elementor-element elementor-element-757b559\" data-id=\"757b559\" data-element_type=\"column\" data-e-type=\"column\" data-settings=\"{&quot;background_background&quot;:&quot;classic&quot;}\">\n\t\t\t<div class=\"elementor-widget-wrap elementor-element-populated\">\n\t\t\t\t\t\t<div class=\"elementor-element elementor-element-a9468a7 elementor-widget elementor-widget-text-editor\" data-id=\"a9468a7\" data-element_type=\"widget\" data-e-type=\"widget\" data-widget_type=\"text-editor.default\">\n\t\t\t\t<div class=\"elementor-widget-container\">\n\t\t\t\t\t\t\t\t\t<p><strong>HORAIRES DE LA MAIRIE :<\/strong><\/p><p><strong>Lundi, Mardi, Jeudi :<\/strong><\/p><p>8h30-12h00 13h30-17h30<\/p><p><strong>Mercredi :<\/strong><\/p><p>8h30-12h00<\/p><p><strong>Vendredi :<\/strong><\/p><p>8h30-12h00 13h30-17h00<\/p>\t\t\t\t\t\t\t\t<\/div>\n\t\t\t\t<\/div>\n\t\t\t\t\t<\/div>\n\t\t<\/div>\n\t\t\t\t<div class=\"elementor-column elementor-col-25 elementor-top-column elementor-element elementor-element-46a8e74\" data-id=\"46a8e74\" data-element_type=\"column\" data-e-type=\"column\" data-settings=\"{&quot;background_background&quot;:&quot;classic&quot;}\">\n\t\t\t<div class=\"elementor-widget-wrap elementor-element-populated\">\n\t\t\t\t\t\t<div class=\"elementor-element elementor-element-ef4c744 elementor-widget elementor-widget-text-editor\" data-id=\"ef4c744\" data-element_type=\"widget\" data-e-type=\"widget\" data-widget_type=\"text-editor.default\">\n\t\t\t\t<div class=\"elementor-widget-container\">\n\t\t\t\t\t\t\t\t\t<p><strong>Plan du site\u00a0<\/strong><\/p><p><strong>Mentions l\u00e9gales<\/strong><\/p>\t\t\t\t\t\t\t\t<\/div>\n\t\t\t\t<\/div>\n\t\t\t\t\t<\/div>\n\t\t<\/div>\n\t\t\t\t<div class=\"elementor-column elementor-col-25 elementor-top-column elementor-element elementor-element-80f6ab4\" data-id=\"80f6ab4\" data-element_type=\"column\" data-e-type=\"column\" data-settings=\"{&quot;background_background&quot;:&quot;classic&quot;}\">\n\t\t\t<div class=\"elementor-widget-wrap elementor-element-populated\">\n\t\t\t\t\t\t<div class=\"elementor-element elementor-element-11b2a32 elementor-view-default elementor-widget elementor-widget-icon\" data-id=\"11b2a32\" data-element_type=\"widget\" data-e-type=\"widget\" data-widget_type=\"icon.default\">\n\t\t\t\t<div class=\"elementor-widget-container\">\n\t\t\t\t\t\t\t<div class=\"elementor-icon-wrapper\">\n\t\t\t<div class=\"elementor-icon\">\n\t\t\t<i aria-hidden=\"true\" class=\"far fa-copyright\"><\/i>\t\t\t<\/div>\n\t\t<\/div>\n\t\t\t\t\t\t<\/div>\n\t\t\t\t<\/div>\n\t\t\t\t<div class=\"elementor-element elementor-element-dfcccdd elementor-widget elementor-widget-text-editor\" data-id=\"dfcccdd\" data-element_type=\"widget\" data-e-type=\"widget\" data-widget_type=\"text-editor.default\">\n\t\t\t\t<div class=\"elementor-widget-container\">\n\t\t\t\t\t\t\t\t\t<p>copyright\/<\/p><p><strong>par la mairie de Le Manoir-sur-Seine<\/strong><\/p><p>propuls\u00e9 par\u00a0l&rsquo;agence<\/p><p><strong>OB WEB DESIGNER\u00a0<\/strong><\/p>\t\t\t\t\t\t\t\t<\/div>\n\t\t\t\t<\/div>\n\t\t\t\t\t<\/div>\n\t\t<\/div>\n\t\t\t\t\t<\/div>\n\t\t<\/section>\n\t\t\t\t<\/div>\n\t\t","protected":false},"excerpt":{"rendered":"<p>Ce document doit \u00eatre d\u00e9pos\u00e9 en mairie (ou envoy\u00e9 en LRAR) quand votre projet consiste \u00e0\u00a0:\u00a0Des travaux de ravalement de fa\u00e7ades et\/ou ayant pour effet de modifier l\u2019aspect ext\u00e9rieur du b\u00e2timent existant. Cr\u00e9er une surface de plancher\u00a0 sup\u00e9rieure de 5 m\u00b2 et inf\u00e9rieure ou \u00e9gale \u00e0 20m\u00b2. Cr\u00e9er des installations l\u00e9g\u00e8res de loisirs implant\u00e9es dans&nbsp;&hellip;<\/p>\n","protected":false},"author":1,"featured_media":0,"parent":0,"menu_order":0,"comment_status":"closed","ping_status":"closed","template":"","meta":{"footnotes":""},"class_list":["post-39","page","type-page","status-publish","hentry"],"yoast_head":"<!-- This site is optimized with the Yoast SEO plugin v27.1.1 - https:\/\/yoast.com\/product\/yoast-seo-wordpress\/ -->\n<title>d\u00e9claration pr\u00e9alable -<\/title>\n<meta name=\"robots\" content=\"index, follow, max-snippet:-1, max-image-preview:large, max-video-preview:-1\" \/>\n<link rel=\"canonical\" href=\"https:\/\/lemanoirsurseine.ovh\/?page_id=39\" \/>\n<meta property=\"og:locale\" content=\"fr_FR\" \/>\n<meta property=\"og:type\" content=\"article\" \/>\n<meta property=\"og:title\" content=\"d\u00e9claration pr\u00e9alable -\" \/>\n<meta property=\"og:description\" content=\"Ce document doit \u00eatre d\u00e9pos\u00e9 en mairie (ou envoy\u00e9 en LRAR) quand votre projet consiste \u00e0\u00a0:\u00a0Des travaux de ravalement de fa\u00e7ades et\/ou ayant pour effet de modifier l\u2019aspect ext\u00e9rieur du b\u00e2timent existant. Cr\u00e9er une surface de plancher\u00a0 sup\u00e9rieure de 5 m\u00b2 et inf\u00e9rieure ou \u00e9gale \u00e0 20m\u00b2. Cr\u00e9er des installations l\u00e9g\u00e8res de loisirs implant\u00e9es dans&nbsp;&hellip;\" \/>\n<meta property=\"og:url\" content=\"https:\/\/lemanoirsurseine.ovh\/?page_id=39\" \/>\n<meta property=\"article:publisher\" content=\"https:\/\/www.facebook.com\/lemanoirsurseine\" \/>\n<meta property=\"article:modified_time\" content=\"2022-08-15T13:39:12+00:00\" \/>\n<meta property=\"og:image\" content=\"http:\/\/lemanoirsurseine.ovh\/wp-content\/uploads\/2022\/08\/declaration-prealableweb-768x512.jpg\" \/>\n<meta name=\"twitter:card\" content=\"summary_large_image\" \/>\n<meta name=\"twitter:label1\" content=\"Dur\u00e9e de lecture estim\u00e9e\" \/>\n\t<meta name=\"twitter:data1\" content=\"2 minutes\" \/>\n<script type=\"application\/ld+json\" class=\"yoast-schema-graph\">{\"@context\":\"https:\/\/schema.org\",\"@graph\":[{\"@type\":\"WebPage\",\"@id\":\"https:\/\/lemanoirsurseine.ovh\/?page_id=39\",\"url\":\"https:\/\/lemanoirsurseine.ovh\/?page_id=39\",\"name\":\"d\u00e9claration pr\u00e9alable -\",\"isPartOf\":{\"@id\":\"https:\/\/lemanoirsurseine.ovh\/#website\"},\"primaryImageOfPage\":{\"@id\":\"https:\/\/lemanoirsurseine.ovh\/?page_id=39#primaryimage\"},\"image\":{\"@id\":\"https:\/\/lemanoirsurseine.ovh\/?page_id=39#primaryimage\"},\"thumbnailUrl\":\"http:\/\/lemanoirsurseine.ovh\/wp-content\/uploads\/2022\/08\/declaration-prealableweb-768x512.jpg\",\"datePublished\":\"2022-06-23T12:45:03+00:00\",\"dateModified\":\"2022-08-15T13:39:12+00:00\",\"breadcrumb\":{\"@id\":\"https:\/\/lemanoirsurseine.ovh\/?page_id=39#breadcrumb\"},\"inLanguage\":\"fr-FR\",\"potentialAction\":[{\"@type\":\"ReadAction\",\"target\":[\"https:\/\/lemanoirsurseine.ovh\/?page_id=39\"]}]},{\"@type\":\"ImageObject\",\"inLanguage\":\"fr-FR\",\"@id\":\"https:\/\/lemanoirsurseine.ovh\/?page_id=39#primaryimage\",\"url\":\"https:\/\/lemanoirsurseine.ovh\/wp-content\/uploads\/2022\/08\/declaration-prealableweb.jpg\",\"contentUrl\":\"https:\/\/lemanoirsurseine.ovh\/wp-content\/uploads\/2022\/08\/declaration-prealableweb.jpg\",\"width\":1920,\"height\":1280},{\"@type\":\"BreadcrumbList\",\"@id\":\"https:\/\/lemanoirsurseine.ovh\/?page_id=39#breadcrumb\",\"itemListElement\":[{\"@type\":\"ListItem\",\"position\":1,\"name\":\"Accueil\",\"item\":\"https:\/\/lemanoirsurseine.ovh\/\"},{\"@type\":\"ListItem\",\"position\":2,\"name\":\"d\u00e9claration pr\u00e9alable\"}]},{\"@type\":\"WebSite\",\"@id\":\"https:\/\/lemanoirsurseine.ovh\/#website\",\"url\":\"https:\/\/lemanoirsurseine.ovh\/\",\"name\":\"\",\"description\":\"\",\"publisher\":{\"@id\":\"https:\/\/lemanoirsurseine.ovh\/#organization\"},\"potentialAction\":[{\"@type\":\"SearchAction\",\"target\":{\"@type\":\"EntryPoint\",\"urlTemplate\":\"https:\/\/lemanoirsurseine.ovh\/?s={search_term_string}\"},\"query-input\":{\"@type\":\"PropertyValueSpecification\",\"valueRequired\":true,\"valueName\":\"search_term_string\"}}],\"inLanguage\":\"fr-FR\"},{\"@type\":\"Organization\",\"@id\":\"https:\/\/lemanoirsurseine.ovh\/#organization\",\"name\":\"Le Manoir-sur-Seine\",\"url\":\"https:\/\/lemanoirsurseine.ovh\/\",\"logo\":{\"@type\":\"ImageObject\",\"inLanguage\":\"fr-FR\",\"@id\":\"https:\/\/lemanoirsurseine.ovh\/#\/schema\/logo\/image\/\",\"url\":\"http:\/\/lemanoirsurseine.ovh\/wp-content\/uploads\/2022\/06\/cropped-logomanoir13-1-300x300-1.png\",\"contentUrl\":\"http:\/\/lemanoirsurseine.ovh\/wp-content\/uploads\/2022\/06\/cropped-logomanoir13-1-300x300-1.png\",\"width\":300,\"height\":300,\"caption\":\"Le Manoir-sur-Seine\"},\"image\":{\"@id\":\"https:\/\/lemanoirsurseine.ovh\/#\/schema\/logo\/image\/\"},\"sameAs\":[\"https:\/\/www.facebook.com\/lemanoirsurseine\"]}]}<\/script>\n<!-- \/ Yoast SEO plugin. -->","yoast_head_json":{"title":"d\u00e9claration pr\u00e9alable -","robots":{"index":"index","follow":"follow","max-snippet":"max-snippet:-1","max-image-preview":"max-image-preview:large","max-video-preview":"max-video-preview:-1"},"canonical":"https:\/\/lemanoirsurseine.ovh\/?page_id=39","og_locale":"fr_FR","og_type":"article","og_title":"d\u00e9claration pr\u00e9alable -","og_description":"Ce document doit \u00eatre d\u00e9pos\u00e9 en mairie (ou envoy\u00e9 en LRAR) quand votre projet consiste \u00e0\u00a0:\u00a0Des travaux de ravalement de fa\u00e7ades et\/ou ayant pour effet de modifier l\u2019aspect ext\u00e9rieur du b\u00e2timent existant. Cr\u00e9er une surface de plancher\u00a0 sup\u00e9rieure de 5 m\u00b2 et inf\u00e9rieure ou \u00e9gale \u00e0 20m\u00b2. Cr\u00e9er des installations l\u00e9g\u00e8res de loisirs implant\u00e9es dans&nbsp;&hellip;","og_url":"https:\/\/lemanoirsurseine.ovh\/?page_id=39","article_publisher":"https:\/\/www.facebook.com\/lemanoirsurseine","article_modified_time":"2022-08-15T13:39:12+00:00","og_image":[{"url":"http:\/\/lemanoirsurseine.ovh\/wp-content\/uploads\/2022\/08\/declaration-prealableweb-768x512.jpg","type":"","width":"","height":""}],"twitter_card":"summary_large_image","twitter_misc":{"Dur\u00e9e de lecture estim\u00e9e":"2 minutes"},"schema":{"@context":"https:\/\/schema.org","@graph":[{"@type":"WebPage","@id":"https:\/\/lemanoirsurseine.ovh\/?page_id=39","url":"https:\/\/lemanoirsurseine.ovh\/?page_id=39","name":"d\u00e9claration pr\u00e9alable -","isPartOf":{"@id":"https:\/\/lemanoirsurseine.ovh\/#website"},"primaryImageOfPage":{"@id":"https:\/\/lemanoirsurseine.ovh\/?page_id=39#primaryimage"},"image":{"@id":"https:\/\/lemanoirsurseine.ovh\/?page_id=39#primaryimage"},"thumbnailUrl":"http:\/\/lemanoirsurseine.ovh\/wp-content\/uploads\/2022\/08\/declaration-prealableweb-768x512.jpg","datePublished":"2022-06-23T12:45:03+00:00","dateModified":"2022-08-15T13:39:12+00:00","breadcrumb":{"@id":"https:\/\/lemanoirsurseine.ovh\/?page_id=39#breadcrumb"},"inLanguage":"fr-FR","potentialAction":[{"@type":"ReadAction","target":["https:\/\/lemanoirsurseine.ovh\/?page_id=39"]}]},{"@type":"ImageObject","inLanguage":"fr-FR","@id":"https:\/\/lemanoirsurseine.ovh\/?page_id=39#primaryimage","url":"https:\/\/lemanoirsurseine.ovh\/wp-content\/uploads\/2022\/08\/declaration-prealableweb.jpg","contentUrl":"https:\/\/lemanoirsurseine.ovh\/wp-content\/uploads\/2022\/08\/declaration-prealableweb.jpg","width":1920,"height":1280},{"@type":"BreadcrumbList","@id":"https:\/\/lemanoirsurseine.ovh\/?page_id=39#breadcrumb","itemListElement":[{"@type":"ListItem","position":1,"name":"Accueil","item":"https:\/\/lemanoirsurseine.ovh\/"},{"@type":"ListItem","position":2,"name":"d\u00e9claration pr\u00e9alable"}]},{"@type":"WebSite","@id":"https:\/\/lemanoirsurseine.ovh\/#website","url":"https:\/\/lemanoirsurseine.ovh\/","name":"","description":"","publisher":{"@id":"https:\/\/lemanoirsurseine.ovh\/#organization"},"potentialAction":[{"@type":"SearchAction","target":{"@type":"EntryPoint","urlTemplate":"https:\/\/lemanoirsurseine.ovh\/?s={search_term_string}"},"query-input":{"@type":"PropertyValueSpecification","valueRequired":true,"valueName":"search_term_string"}}],"inLanguage":"fr-FR"},{"@type":"Organization","@id":"https:\/\/lemanoirsurseine.ovh\/#organization","name":"Le Manoir-sur-Seine","url":"https:\/\/lemanoirsurseine.ovh\/","logo":{"@type":"ImageObject","inLanguage":"fr-FR","@id":"https:\/\/lemanoirsurseine.ovh\/#\/schema\/logo\/image\/","url":"http:\/\/lemanoirsurseine.ovh\/wp-content\/uploads\/2022\/06\/cropped-logomanoir13-1-300x300-1.png","contentUrl":"http:\/\/lemanoirsurseine.ovh\/wp-content\/uploads\/2022\/06\/cropped-logomanoir13-1-300x300-1.png","width":300,"height":300,"caption":"Le Manoir-sur-Seine"},"image":{"@id":"https:\/\/lemanoirsurseine.ovh\/#\/schema\/logo\/image\/"},"sameAs":["https:\/\/www.facebook.com\/lemanoirsurseine"]}]}},"_links":{"self":[{"href":"https:\/\/lemanoirsurseine.ovh\/index.php?rest_route=\/wp\/v2\/pages\/39","targetHints":{"allow":["GET"]}}],"collection":[{"href":"https:\/\/lemanoirsurseine.ovh\/index.php?rest_route=\/wp\/v2\/pages"}],"about":[{"href":"https:\/\/lemanoirsurseine.ovh\/index.php?rest_route=\/wp\/v2\/types\/page"}],"author":[{"embeddable":true,"href":"https:\/\/lemanoirsurseine.ovh\/index.php?rest_route=\/wp\/v2\/users\/1"}],"replies":[{"embeddable":true,"href":"https:\/\/lemanoirsurseine.ovh\/index.php?rest_route=%2Fwp%2Fv2%2Fcomments&post=39"}],"version-history":[{"count":22,"href":"https:\/\/lemanoirsurseine.ovh\/index.php?rest_route=\/wp\/v2\/pages\/39\/revisions"}],"predecessor-version":[{"id":1575,"href":"https:\/\/lemanoirsurseine.ovh\/index.php?rest_route=\/wp\/v2\/pages\/39\/revisions\/1575"}],"wp:attachment":[{"href":"https:\/\/lemanoirsurseine.ovh\/index.php?rest_route=%2Fwp%2Fv2%2Fmedia&parent=39"}],"curies":[{"name":"wp","href":"https:\/\/api.w.org\/{rel}","templated":true}]}}