{"id":46,"date":"2022-06-23T14:45:03","date_gmt":"2022-06-23T12:45:03","guid":{"rendered":"http:\/\/lemanoirsurseine.ovh\/?page_id=46"},"modified":"2022-08-15T15:44:45","modified_gmt":"2022-08-15T13:44:45","slug":"attestation-daccueil","status":"publish","type":"page","link":"https:\/\/lemanoirsurseine.ovh\/?page_id=46","title":{"rendered":"attestation d&rsquo;accueil"},"content":{"rendered":"\t\t<div data-elementor-type=\"wp-page\" data-elementor-id=\"46\" class=\"elementor elementor-46\">\n\t\t\t\t\t\t<section class=\"elementor-section elementor-top-section elementor-element elementor-element-fa76314 elementor-section-boxed elementor-section-height-default elementor-section-height-default\" data-id=\"fa76314\" data-element_type=\"section\" data-e-type=\"section\">\n\t\t\t\t\t\t<div class=\"elementor-container elementor-column-gap-default\">\n\t\t\t\t\t<div class=\"elementor-column elementor-col-100 elementor-top-column elementor-element elementor-element-08a4ee4\" data-id=\"08a4ee4\" data-element_type=\"column\" data-e-type=\"column\">\n\t\t\t<div class=\"elementor-widget-wrap elementor-element-populated\">\n\t\t\t\t\t\t<div class=\"elementor-element elementor-element-13c56e6 elementor-widget elementor-widget-image\" data-id=\"13c56e6\" data-element_type=\"widget\" data-e-type=\"widget\" data-widget_type=\"image.default\">\n\t\t\t\t<div class=\"elementor-widget-container\">\n\t\t\t\t\t\t\t\t\t\t\t\t\t\t\t<img fetchpriority=\"high\" decoding=\"async\" width=\"768\" height=\"252\" src=\"https:\/\/lemanoirsurseine.ovh\/wp-content\/uploads\/2022\/08\/accueil-web-768x252.jpg\" class=\"attachment-medium_large size-medium_large wp-image-396\" alt=\"\" srcset=\"https:\/\/lemanoirsurseine.ovh\/wp-content\/uploads\/2022\/08\/accueil-web-768x252.jpg 768w, https:\/\/lemanoirsurseine.ovh\/wp-content\/uploads\/2022\/08\/accueil-web-300x98.jpg 300w, https:\/\/lemanoirsurseine.ovh\/wp-content\/uploads\/2022\/08\/accueil-web.jpg 893w\" sizes=\"(max-width: 768px) 100vw, 768px\" \/>\t\t\t\t\t\t\t\t\t\t\t\t\t\t\t<\/div>\n\t\t\t\t<\/div>\n\t\t\t\t\t<\/div>\n\t\t<\/div>\n\t\t\t\t\t<\/div>\n\t\t<\/section>\n\t\t\t\t<section class=\"elementor-section elementor-top-section elementor-element elementor-element-c6b3f63 elementor-section-boxed elementor-section-height-default elementor-section-height-default\" data-id=\"c6b3f63\" data-element_type=\"section\" data-e-type=\"section\">\n\t\t\t\t\t\t<div class=\"elementor-container elementor-column-gap-default\">\n\t\t\t\t\t<div class=\"elementor-column elementor-col-100 elementor-top-column elementor-element elementor-element-1873a26\" data-id=\"1873a26\" data-element_type=\"column\" data-e-type=\"column\">\n\t\t\t<div class=\"elementor-widget-wrap elementor-element-populated\">\n\t\t\t\t\t\t<div class=\"elementor-element elementor-element-75d1fac elementor-widget elementor-widget-text-editor\" data-id=\"75d1fac\" data-element_type=\"widget\" data-e-type=\"widget\" data-widget_type=\"text-editor.default\">\n\t\t\t\t<div class=\"elementor-widget-container\">\n\t\t\t\t\t\t\t\t\t<p>Document permettant l\u2019accueil d\u2019une personne \u00e9trang\u00e8re pour un s\u00e9jour \u00e0 caract\u00e8re familial ou priv\u00e9\u00a0<strong>d\u2019une dur\u00e9e inf\u00e9rieure ou \u00e9gale \u00e0 3 mois<\/strong>.<\/p><p><strong>Ce document est soumis \u00e0 autorisation du Maire.<\/strong><\/p><p><u><strong>O\u00f9 s\u2019adresser\u00a0<\/strong>:<\/u>\u00a0mairie du domicile de l\u2019h\u00e9bergeant<\/p><p><strong><u>Pi\u00e8ces \u00e0 fournir<\/u><\/strong> :<\/p><p>Le formulaire Cerfa n\u00b010798*03 rempli, \u00e0 retirer en mairie.<\/p><p>Justificatif d\u2019identit\u00e9 (carte d\u2019identit\u00e9 ou passeport pour le Fran\u00e7ais, l\u2019Europ\u00e9en ou le Suisse ; titre de s\u00e9jour pour les autres \u00e9trangers).<\/p><p>Document prouvant sa qualit\u00e9 de propri\u00e9taire, de locataire ou d\u2019occupant du logement dans lequel il compte h\u00e9berger le ou les visiteurs (comme un titre de propri\u00e9t\u00e9 ou un bail locatif).<\/p><p>Justificatif de domicile r\u00e9cent (facture d\u2019eau, d\u2019\u00e9lectricit\u00e9 ou de t\u00e9l\u00e9phone ou quittance de loyer).<\/p><p>Tout document justifiant ses ressources (3 derniers bulletins de salaire, dernier avis d\u2019imposition) et son engagement \u00e0 prendre en charge financi\u00e8rement l\u2019\u00e9tranger s\u2019il est d\u00e9faillant.<\/p><p>Tout document sur sa capacit\u00e9 \u00e0 h\u00e9berger le ou les \u00e9trangers dans des conditions normales de logement (en termes de superficie, de s\u00e9curit\u00e9, de salubrit\u00e9 et de confort du logement).<\/p><p>Un ou plusieurs timbres fiscaux pour un montant de 30\u20ac.<\/p><p>Si l\u2019attestation d\u2019accueil concerne un mineur non accompagn\u00e9, attestation sur papier libre des d\u00e9tenteurs de l\u2019autorit\u00e9 parentale, pr\u00e9cisant la dur\u00e9e et l\u2019objet du s\u00e9jour de l\u2019enfant.<\/p><p>Se munir du num\u00e9ro de passeport du ou des visiteurs, qui doit \u00eatre inscrit sur le formulaire.<\/p><p>La demande est faite et sign\u00e9e sur place.<\/p><p>La demande doit \u00eatre d\u00e9pos\u00e9e par la personne qui souhaite accueillir l\u2019\u00e9tranger, \u00e0 la mairie du lieu d\u2019h\u00e9bergement pr\u00e9vu.<\/p><p>Pour plus d\u2019informations\u00a0:\u00a0<a href=\"https:\/\/www.service-public.fr\/particuliers\/vosdroits\/F2191\">https:\/\/www.service-public.fr\/particuliers\/vosdroits\/F2191<\/a><\/p>\t\t\t\t\t\t\t\t<\/div>\n\t\t\t\t<\/div>\n\t\t\t\t\t<\/div>\n\t\t<\/div>\n\t\t\t\t\t<\/div>\n\t\t<\/section>\n\t\t\t\t<section class=\"elementor-section elementor-top-section elementor-element elementor-element-b73b61d elementor-section-boxed elementor-section-height-default elementor-section-height-default\" data-id=\"b73b61d\" data-element_type=\"section\" data-e-type=\"section\">\n\t\t\t\t\t\t<div class=\"elementor-container elementor-column-gap-default\">\n\t\t\t\t\t<div class=\"elementor-column elementor-col-25 elementor-top-column elementor-element elementor-element-30b8640\" data-id=\"30b8640\" data-element_type=\"column\" data-e-type=\"column\" data-settings=\"{&quot;background_background&quot;:&quot;classic&quot;}\">\n\t\t\t<div class=\"elementor-widget-wrap elementor-element-populated\">\n\t\t\t\t\t\t<div class=\"elementor-element elementor-element-8c4d931 elementor-widget elementor-widget-image\" data-id=\"8c4d931\" data-element_type=\"widget\" data-e-type=\"widget\" data-widget_type=\"image.default\">\n\t\t\t\t<div class=\"elementor-widget-container\">\n\t\t\t\t\t\t\t\t\t\t\t\t\t\t\t<img decoding=\"async\" width=\"150\" height=\"150\" src=\"https:\/\/lemanoirsurseine.ovh\/wp-content\/uploads\/2022\/08\/logo-manoir-web-150x150.jpg\" class=\"attachment-thumbnail size-thumbnail wp-image-231\" alt=\"\" \/>\t\t\t\t\t\t\t\t\t\t\t\t\t\t\t<\/div>\n\t\t\t\t<\/div>\n\t\t\t\t<div class=\"elementor-element elementor-element-59056cc elementor-widget elementor-widget-text-editor\" data-id=\"59056cc\" data-element_type=\"widget\" data-e-type=\"widget\" data-widget_type=\"text-editor.default\">\n\t\t\t\t<div class=\"elementor-widget-container\">\n\t\t\t\t\t\t\t\t\t<p><strong>Place George Levy<\/strong><\/p><p><strong>T\u00e9l\u00e9phone :<\/strong> 02 32 49 80 60<\/p><p><strong>Mail :<\/strong> mairie@mairielemanoir.fr\u00a0<\/p>\t\t\t\t\t\t\t\t<\/div>\n\t\t\t\t<\/div>\n\t\t\t\t\t<\/div>\n\t\t<\/div>\n\t\t\t\t<div class=\"elementor-column elementor-col-25 elementor-top-column elementor-element elementor-element-b606a91\" data-id=\"b606a91\" data-element_type=\"column\" data-e-type=\"column\" data-settings=\"{&quot;background_background&quot;:&quot;classic&quot;}\">\n\t\t\t<div class=\"elementor-widget-wrap elementor-element-populated\">\n\t\t\t\t\t\t<div class=\"elementor-element elementor-element-cce7fe3 elementor-widget elementor-widget-text-editor\" data-id=\"cce7fe3\" data-element_type=\"widget\" data-e-type=\"widget\" data-widget_type=\"text-editor.default\">\n\t\t\t\t<div class=\"elementor-widget-container\">\n\t\t\t\t\t\t\t\t\t<p><strong>Horaires de la Mairie :<\/strong><\/p><p><strong>Lundi, Jeudi, Mardi :<\/strong><\/p><p>8h30-12h00 13h30-17h30<\/p><p><strong>Mercredi :<\/strong><\/p><p>8h30-12h00<\/p><p><strong>Vendredi :<\/strong><\/p><p>8h30-12h00 13h30-17h00\u00a0<\/p>\t\t\t\t\t\t\t\t<\/div>\n\t\t\t\t<\/div>\n\t\t\t\t\t<\/div>\n\t\t<\/div>\n\t\t\t\t<div class=\"elementor-column elementor-col-25 elementor-top-column elementor-element elementor-element-1f2ff56\" data-id=\"1f2ff56\" data-element_type=\"column\" data-e-type=\"column\" data-settings=\"{&quot;background_background&quot;:&quot;classic&quot;}\">\n\t\t\t<div class=\"elementor-widget-wrap elementor-element-populated\">\n\t\t\t\t\t\t<div class=\"elementor-element elementor-element-06b6a5c elementor-widget elementor-widget-text-editor\" data-id=\"06b6a5c\" data-element_type=\"widget\" data-e-type=\"widget\" data-widget_type=\"text-editor.default\">\n\t\t\t\t<div class=\"elementor-widget-container\">\n\t\t\t\t\t\t\t\t\t<p><strong>Plan du site<\/strong><\/p><p><strong>mentions l\u00e9gales<\/strong><\/p>\t\t\t\t\t\t\t\t<\/div>\n\t\t\t\t<\/div>\n\t\t\t\t\t<\/div>\n\t\t<\/div>\n\t\t\t\t<div class=\"elementor-column elementor-col-25 elementor-top-column elementor-element elementor-element-81c53fc\" data-id=\"81c53fc\" data-element_type=\"column\" data-e-type=\"column\" data-settings=\"{&quot;background_background&quot;:&quot;classic&quot;}\">\n\t\t\t<div class=\"elementor-widget-wrap elementor-element-populated\">\n\t\t\t\t\t\t<div class=\"elementor-element elementor-element-3bfbee2 elementor-view-default elementor-widget elementor-widget-icon\" data-id=\"3bfbee2\" data-element_type=\"widget\" data-e-type=\"widget\" data-widget_type=\"icon.default\">\n\t\t\t\t<div class=\"elementor-widget-container\">\n\t\t\t\t\t\t\t<div class=\"elementor-icon-wrapper\">\n\t\t\t<div class=\"elementor-icon\">\n\t\t\t<i aria-hidden=\"true\" class=\"far fa-copyright\"><\/i>\t\t\t<\/div>\n\t\t<\/div>\n\t\t\t\t\t\t<\/div>\n\t\t\t\t<\/div>\n\t\t\t\t<div class=\"elementor-element elementor-element-8291a43 elementor-widget elementor-widget-text-editor\" data-id=\"8291a43\" data-element_type=\"widget\" data-e-type=\"widget\" data-widget_type=\"text-editor.default\">\n\t\t\t\t<div class=\"elementor-widget-container\">\n\t\t\t\t\t\t\t\t\t<p>copyright\/<\/p><p><strong>par la mairie de Le Manoir-sur-Seine<\/strong><\/p><p>propuls\u00e9 par\u00a0l&rsquo;agence<\/p><p><strong>OB WEB DESIGNER\u00a0<\/strong><\/p>\t\t\t\t\t\t\t\t<\/div>\n\t\t\t\t<\/div>\n\t\t\t\t\t<\/div>\n\t\t<\/div>\n\t\t\t\t\t<\/div>\n\t\t<\/section>\n\t\t\t\t<\/div>\n\t\t","protected":false},"excerpt":{"rendered":"<p>Document permettant l\u2019accueil d\u2019une personne \u00e9trang\u00e8re pour un s\u00e9jour \u00e0 caract\u00e8re familial ou priv\u00e9\u00a0d\u2019une dur\u00e9e inf\u00e9rieure ou \u00e9gale \u00e0 3 mois. Ce document est soumis \u00e0 autorisation du Maire. O\u00f9 s\u2019adresser\u00a0:\u00a0mairie du domicile de l\u2019h\u00e9bergeant Pi\u00e8ces \u00e0 fournir : Le formulaire Cerfa n\u00b010798*03 rempli, \u00e0 retirer en mairie. Justificatif d\u2019identit\u00e9 (carte d\u2019identit\u00e9 ou passeport pour&nbsp;&hellip;<\/p>\n","protected":false},"author":1,"featured_media":0,"parent":0,"menu_order":0,"comment_status":"closed","ping_status":"closed","template":"","meta":{"footnotes":""},"class_list":["post-46","page","type-page","status-publish","hentry"],"yoast_head":"<!-- This site is optimized with the Yoast SEO plugin v27.1.1 - https:\/\/yoast.com\/product\/yoast-seo-wordpress\/ -->\n<title>attestation d&#039;accueil -<\/title>\n<meta name=\"robots\" content=\"index, follow, max-snippet:-1, max-image-preview:large, max-video-preview:-1\" \/>\n<link rel=\"canonical\" href=\"https:\/\/lemanoirsurseine.ovh\/?page_id=46\" \/>\n<meta property=\"og:locale\" content=\"fr_FR\" \/>\n<meta property=\"og:type\" content=\"article\" \/>\n<meta property=\"og:title\" content=\"attestation d&#039;accueil -\" \/>\n<meta property=\"og:description\" content=\"Document permettant l\u2019accueil d\u2019une personne \u00e9trang\u00e8re pour un s\u00e9jour \u00e0 caract\u00e8re familial ou priv\u00e9\u00a0d\u2019une dur\u00e9e inf\u00e9rieure ou \u00e9gale \u00e0 3 mois. Ce document est soumis \u00e0 autorisation du Maire. O\u00f9 s\u2019adresser\u00a0:\u00a0mairie du domicile de l\u2019h\u00e9bergeant Pi\u00e8ces \u00e0 fournir : Le formulaire Cerfa n\u00b010798*03 rempli, \u00e0 retirer en mairie. Justificatif d\u2019identit\u00e9 (carte d\u2019identit\u00e9 ou passeport pour&nbsp;&hellip;\" \/>\n<meta property=\"og:url\" content=\"https:\/\/lemanoirsurseine.ovh\/?page_id=46\" \/>\n<meta property=\"article:publisher\" content=\"https:\/\/www.facebook.com\/lemanoirsurseine\" \/>\n<meta property=\"article:modified_time\" content=\"2022-08-15T13:44:45+00:00\" \/>\n<meta property=\"og:image\" content=\"http:\/\/lemanoirsurseine.ovh\/wp-content\/uploads\/2022\/08\/accueil-web-768x252.jpg\" \/>\n<meta name=\"twitter:card\" content=\"summary_large_image\" \/>\n<meta name=\"twitter:label1\" content=\"Dur\u00e9e de lecture estim\u00e9e\" \/>\n\t<meta name=\"twitter:data1\" content=\"2 minutes\" \/>\n<script type=\"application\/ld+json\" class=\"yoast-schema-graph\">{\"@context\":\"https:\/\/schema.org\",\"@graph\":[{\"@type\":\"WebPage\",\"@id\":\"https:\/\/lemanoirsurseine.ovh\/?page_id=46\",\"url\":\"https:\/\/lemanoirsurseine.ovh\/?page_id=46\",\"name\":\"attestation d'accueil -\",\"isPartOf\":{\"@id\":\"https:\/\/lemanoirsurseine.ovh\/#website\"},\"primaryImageOfPage\":{\"@id\":\"https:\/\/lemanoirsurseine.ovh\/?page_id=46#primaryimage\"},\"image\":{\"@id\":\"https:\/\/lemanoirsurseine.ovh\/?page_id=46#primaryimage\"},\"thumbnailUrl\":\"http:\/\/lemanoirsurseine.ovh\/wp-content\/uploads\/2022\/08\/accueil-web-768x252.jpg\",\"datePublished\":\"2022-06-23T12:45:03+00:00\",\"dateModified\":\"2022-08-15T13:44:45+00:00\",\"breadcrumb\":{\"@id\":\"https:\/\/lemanoirsurseine.ovh\/?page_id=46#breadcrumb\"},\"inLanguage\":\"fr-FR\",\"potentialAction\":[{\"@type\":\"ReadAction\",\"target\":[\"https:\/\/lemanoirsurseine.ovh\/?page_id=46\"]}]},{\"@type\":\"ImageObject\",\"inLanguage\":\"fr-FR\",\"@id\":\"https:\/\/lemanoirsurseine.ovh\/?page_id=46#primaryimage\",\"url\":\"https:\/\/lemanoirsurseine.ovh\/wp-content\/uploads\/2022\/08\/accueil-web.jpg\",\"contentUrl\":\"https:\/\/lemanoirsurseine.ovh\/wp-content\/uploads\/2022\/08\/accueil-web.jpg\",\"width\":893,\"height\":293},{\"@type\":\"BreadcrumbList\",\"@id\":\"https:\/\/lemanoirsurseine.ovh\/?page_id=46#breadcrumb\",\"itemListElement\":[{\"@type\":\"ListItem\",\"position\":1,\"name\":\"Accueil\",\"item\":\"https:\/\/lemanoirsurseine.ovh\/\"},{\"@type\":\"ListItem\",\"position\":2,\"name\":\"attestation d&rsquo;accueil\"}]},{\"@type\":\"WebSite\",\"@id\":\"https:\/\/lemanoirsurseine.ovh\/#website\",\"url\":\"https:\/\/lemanoirsurseine.ovh\/\",\"name\":\"\",\"description\":\"\",\"publisher\":{\"@id\":\"https:\/\/lemanoirsurseine.ovh\/#organization\"},\"potentialAction\":[{\"@type\":\"SearchAction\",\"target\":{\"@type\":\"EntryPoint\",\"urlTemplate\":\"https:\/\/lemanoirsurseine.ovh\/?s={search_term_string}\"},\"query-input\":{\"@type\":\"PropertyValueSpecification\",\"valueRequired\":true,\"valueName\":\"search_term_string\"}}],\"inLanguage\":\"fr-FR\"},{\"@type\":\"Organization\",\"@id\":\"https:\/\/lemanoirsurseine.ovh\/#organization\",\"name\":\"Le Manoir-sur-Seine\",\"url\":\"https:\/\/lemanoirsurseine.ovh\/\",\"logo\":{\"@type\":\"ImageObject\",\"inLanguage\":\"fr-FR\",\"@id\":\"https:\/\/lemanoirsurseine.ovh\/#\/schema\/logo\/image\/\",\"url\":\"http:\/\/lemanoirsurseine.ovh\/wp-content\/uploads\/2022\/06\/cropped-logomanoir13-1-300x300-1.png\",\"contentUrl\":\"http:\/\/lemanoirsurseine.ovh\/wp-content\/uploads\/2022\/06\/cropped-logomanoir13-1-300x300-1.png\",\"width\":300,\"height\":300,\"caption\":\"Le Manoir-sur-Seine\"},\"image\":{\"@id\":\"https:\/\/lemanoirsurseine.ovh\/#\/schema\/logo\/image\/\"},\"sameAs\":[\"https:\/\/www.facebook.com\/lemanoirsurseine\"]}]}<\/script>\n<!-- \/ Yoast SEO plugin. -->","yoast_head_json":{"title":"attestation d'accueil -","robots":{"index":"index","follow":"follow","max-snippet":"max-snippet:-1","max-image-preview":"max-image-preview:large","max-video-preview":"max-video-preview:-1"},"canonical":"https:\/\/lemanoirsurseine.ovh\/?page_id=46","og_locale":"fr_FR","og_type":"article","og_title":"attestation d'accueil -","og_description":"Document permettant l\u2019accueil d\u2019une personne \u00e9trang\u00e8re pour un s\u00e9jour \u00e0 caract\u00e8re familial ou priv\u00e9\u00a0d\u2019une dur\u00e9e inf\u00e9rieure ou \u00e9gale \u00e0 3 mois. Ce document est soumis \u00e0 autorisation du Maire. O\u00f9 s\u2019adresser\u00a0:\u00a0mairie du domicile de l\u2019h\u00e9bergeant Pi\u00e8ces \u00e0 fournir : Le formulaire Cerfa n\u00b010798*03 rempli, \u00e0 retirer en mairie. Justificatif d\u2019identit\u00e9 (carte d\u2019identit\u00e9 ou passeport pour&nbsp;&hellip;","og_url":"https:\/\/lemanoirsurseine.ovh\/?page_id=46","article_publisher":"https:\/\/www.facebook.com\/lemanoirsurseine","article_modified_time":"2022-08-15T13:44:45+00:00","og_image":[{"url":"http:\/\/lemanoirsurseine.ovh\/wp-content\/uploads\/2022\/08\/accueil-web-768x252.jpg","type":"","width":"","height":""}],"twitter_card":"summary_large_image","twitter_misc":{"Dur\u00e9e de lecture estim\u00e9e":"2 minutes"},"schema":{"@context":"https:\/\/schema.org","@graph":[{"@type":"WebPage","@id":"https:\/\/lemanoirsurseine.ovh\/?page_id=46","url":"https:\/\/lemanoirsurseine.ovh\/?page_id=46","name":"attestation d'accueil -","isPartOf":{"@id":"https:\/\/lemanoirsurseine.ovh\/#website"},"primaryImageOfPage":{"@id":"https:\/\/lemanoirsurseine.ovh\/?page_id=46#primaryimage"},"image":{"@id":"https:\/\/lemanoirsurseine.ovh\/?page_id=46#primaryimage"},"thumbnailUrl":"http:\/\/lemanoirsurseine.ovh\/wp-content\/uploads\/2022\/08\/accueil-web-768x252.jpg","datePublished":"2022-06-23T12:45:03+00:00","dateModified":"2022-08-15T13:44:45+00:00","breadcrumb":{"@id":"https:\/\/lemanoirsurseine.ovh\/?page_id=46#breadcrumb"},"inLanguage":"fr-FR","potentialAction":[{"@type":"ReadAction","target":["https:\/\/lemanoirsurseine.ovh\/?page_id=46"]}]},{"@type":"ImageObject","inLanguage":"fr-FR","@id":"https:\/\/lemanoirsurseine.ovh\/?page_id=46#primaryimage","url":"https:\/\/lemanoirsurseine.ovh\/wp-content\/uploads\/2022\/08\/accueil-web.jpg","contentUrl":"https:\/\/lemanoirsurseine.ovh\/wp-content\/uploads\/2022\/08\/accueil-web.jpg","width":893,"height":293},{"@type":"BreadcrumbList","@id":"https:\/\/lemanoirsurseine.ovh\/?page_id=46#breadcrumb","itemListElement":[{"@type":"ListItem","position":1,"name":"Accueil","item":"https:\/\/lemanoirsurseine.ovh\/"},{"@type":"ListItem","position":2,"name":"attestation d&rsquo;accueil"}]},{"@type":"WebSite","@id":"https:\/\/lemanoirsurseine.ovh\/#website","url":"https:\/\/lemanoirsurseine.ovh\/","name":"","description":"","publisher":{"@id":"https:\/\/lemanoirsurseine.ovh\/#organization"},"potentialAction":[{"@type":"SearchAction","target":{"@type":"EntryPoint","urlTemplate":"https:\/\/lemanoirsurseine.ovh\/?s={search_term_string}"},"query-input":{"@type":"PropertyValueSpecification","valueRequired":true,"valueName":"search_term_string"}}],"inLanguage":"fr-FR"},{"@type":"Organization","@id":"https:\/\/lemanoirsurseine.ovh\/#organization","name":"Le Manoir-sur-Seine","url":"https:\/\/lemanoirsurseine.ovh\/","logo":{"@type":"ImageObject","inLanguage":"fr-FR","@id":"https:\/\/lemanoirsurseine.ovh\/#\/schema\/logo\/image\/","url":"http:\/\/lemanoirsurseine.ovh\/wp-content\/uploads\/2022\/06\/cropped-logomanoir13-1-300x300-1.png","contentUrl":"http:\/\/lemanoirsurseine.ovh\/wp-content\/uploads\/2022\/06\/cropped-logomanoir13-1-300x300-1.png","width":300,"height":300,"caption":"Le Manoir-sur-Seine"},"image":{"@id":"https:\/\/lemanoirsurseine.ovh\/#\/schema\/logo\/image\/"},"sameAs":["https:\/\/www.facebook.com\/lemanoirsurseine"]}]}},"_links":{"self":[{"href":"https:\/\/lemanoirsurseine.ovh\/index.php?rest_route=\/wp\/v2\/pages\/46","targetHints":{"allow":["GET"]}}],"collection":[{"href":"https:\/\/lemanoirsurseine.ovh\/index.php?rest_route=\/wp\/v2\/pages"}],"about":[{"href":"https:\/\/lemanoirsurseine.ovh\/index.php?rest_route=\/wp\/v2\/types\/page"}],"author":[{"embeddable":true,"href":"https:\/\/lemanoirsurseine.ovh\/index.php?rest_route=\/wp\/v2\/users\/1"}],"replies":[{"embeddable":true,"href":"https:\/\/lemanoirsurseine.ovh\/index.php?rest_route=%2Fwp%2Fv2%2Fcomments&post=46"}],"version-history":[{"count":37,"href":"https:\/\/lemanoirsurseine.ovh\/index.php?rest_route=\/wp\/v2\/pages\/46\/revisions"}],"predecessor-version":[{"id":1587,"href":"https:\/\/lemanoirsurseine.ovh\/index.php?rest_route=\/wp\/v2\/pages\/46\/revisions\/1587"}],"wp:attachment":[{"href":"https:\/\/lemanoirsurseine.ovh\/index.php?rest_route=%2Fwp%2Fv2%2Fmedia&parent=46"}],"curies":[{"name":"wp","href":"https:\/\/api.w.org\/{rel}","templated":true}]}}