{"id":69,"date":"2022-06-23T14:47:49","date_gmt":"2022-06-23T12:47:49","guid":{"rendered":"http:\/\/lemanoirsurseine.ovh\/?page_id=69"},"modified":"2022-08-15T15:47:27","modified_gmt":"2022-08-15T13:47:27","slug":"carte-didentite-passeport","status":"publish","type":"page","link":"https:\/\/lemanoirsurseine.ovh\/?page_id=69","title":{"rendered":"carte d&rsquo;identit\u00e9\/passeport"},"content":{"rendered":"\t\t<div data-elementor-type=\"wp-page\" data-elementor-id=\"69\" class=\"elementor elementor-69\">\n\t\t\t\t\t\t<section class=\"elementor-section elementor-top-section elementor-element elementor-element-b8a38e3 elementor-section-boxed elementor-section-height-default elementor-section-height-default\" data-id=\"b8a38e3\" data-element_type=\"section\" data-e-type=\"section\">\n\t\t\t\t\t\t<div class=\"elementor-container elementor-column-gap-default\">\n\t\t\t\t\t<div class=\"elementor-column elementor-col-100 elementor-top-column elementor-element elementor-element-bbf3c2c\" data-id=\"bbf3c2c\" data-element_type=\"column\" data-e-type=\"column\">\n\t\t\t<div class=\"elementor-widget-wrap elementor-element-populated\">\n\t\t\t\t\t\t<div class=\"elementor-element elementor-element-f303d0c elementor-widget elementor-widget-image\" data-id=\"f303d0c\" data-element_type=\"widget\" data-e-type=\"widget\" data-widget_type=\"image.default\">\n\t\t\t\t<div class=\"elementor-widget-container\">\n\t\t\t\t\t\t\t\t\t\t\t\t\t\t\t<img fetchpriority=\"high\" decoding=\"async\" width=\"500\" height=\"378\" src=\"https:\/\/lemanoirsurseine.ovh\/wp-content\/uploads\/2022\/08\/passeport-web.png\" class=\"attachment-medium_large size-medium_large wp-image-428\" alt=\"\" srcset=\"https:\/\/lemanoirsurseine.ovh\/wp-content\/uploads\/2022\/08\/passeport-web.png 500w, https:\/\/lemanoirsurseine.ovh\/wp-content\/uploads\/2022\/08\/passeport-web-300x227.png 300w\" sizes=\"(max-width: 500px) 100vw, 500px\" \/>\t\t\t\t\t\t\t\t\t\t\t\t\t\t\t<\/div>\n\t\t\t\t<\/div>\n\t\t\t\t\t<\/div>\n\t\t<\/div>\n\t\t\t\t\t<\/div>\n\t\t<\/section>\n\t\t\t\t<section class=\"elementor-section elementor-top-section elementor-element elementor-element-7668683 elementor-section-boxed elementor-section-height-default elementor-section-height-default\" data-id=\"7668683\" data-element_type=\"section\" data-e-type=\"section\">\n\t\t\t\t\t\t<div class=\"elementor-container elementor-column-gap-default\">\n\t\t\t\t\t<div class=\"elementor-column elementor-col-100 elementor-top-column elementor-element elementor-element-e1eb170\" data-id=\"e1eb170\" data-element_type=\"column\" data-e-type=\"column\">\n\t\t\t<div class=\"elementor-widget-wrap elementor-element-populated\">\n\t\t\t\t\t\t<div class=\"elementor-element elementor-element-809cd63 elementor-widget elementor-widget-text-editor\" data-id=\"809cd63\" data-element_type=\"widget\" data-e-type=\"widget\" data-widget_type=\"text-editor.default\">\n\t\t\t\t<div class=\"elementor-widget-container\">\n\t\t\t\t\t\t\t\t\t<p>Un dispositif de recueil de donn\u00e9es biom\u00e9triques permet d\u2019enregistrer les demandes des passeports et des cartes nationales d\u2019identit\u00e9 (CNI).<\/p><p>Afin d\u2019am\u00e9liorer la s\u00e9curit\u00e9 et de lutter efficacement contre la falsification et la contrefa\u00e7on, ces documents ont recours \u00e0 la biom\u00e9trie depuis mars 2017 et les demandes s\u2019effectuent dans les mairies \u00e9quip\u00e9es d\u2019un dispositif de recueil sp\u00e9cifique.<\/p><p><strong>La ville de Le Manoir-sur-Seine n\u2019est pas \u00e9quip\u00e9e de ce dispositif<\/strong>, c\u2019est pourquoi, les demandes de passeport et de carte nationale d\u2019identit\u00e9 doivent \u00eatre effectu\u00e9es aupr\u00e8s de n\u2019importe quelle mairie \u00e9quip\u00e9e du dispositif, dans n\u2019importe quel d\u00e9partement.<\/p><p><u>O\u00f9 s\u2019adresser<\/u>\u00a0: vous devez\u00a0<strong><u>prendre RDV<\/u><\/strong>\u00a0aupr\u00e8s des mairies agr\u00e9\u00e9es.<\/p><p>Les plus proches :<\/p><p><strong>Val-de-Reuil : <\/strong>32.09.51.51<\/p><p><strong>Louviers\u00a0<\/strong>: 02.32.09.58.58<\/p><p><strong>Fleury-sur-Andelle <\/strong>: 02.32.49.00.59<\/p><p>Liste compl\u00e8te disponible sur le site\u00a0:<\/p><p><a href=\"https:\/\/passeport.ants.gouv.fr\/Services-associes\/Ou-faire-ma-demande-de-passeport-CNI\">https:\/\/passeport.ants.gouv.fr\/Services-associes\/Ou-faire-ma-demande-de-passeport-CNI<\/a><\/p><p>Afin de r\u00e9duire la dur\u00e9e du rendez-vous et de simplifier les d\u00e9marches administratives des usagers et s\u00e9curiser le recueil des informations, un t\u00e9l\u00e9service de \u00ab\u00a0pr\u00e9-demande passeport ou CNI a \u00e9t\u00e9 mis en place par le minist\u00e8re de l\u2019Int\u00e9rieur. Il est accessible sur\u00a0:\u00a0<strong>ants.gouv.fr<\/strong><\/p><p>(<a href=\"https:\/\/passeport.ants.gouv.fr\/Vos-demarches\">https:\/\/passeport.ants.gouv.fr\/Vos-demarches<\/a>)<\/p><p>La fabrication de ces documents peut prendre plusieurs semaines, surtout avant les vacances. Il est vivement conseill\u00e9 d\u2019anticiper votre demande.<a href=\"https:\/\/www.alizay.fr\/service-etat-civil\/\">https:\/\/www.lemanoirsurseine.fr\/service-etat-civil\/<\/a><\/p>\t\t\t\t\t\t\t\t<\/div>\n\t\t\t\t<\/div>\n\t\t\t\t\t<\/div>\n\t\t<\/div>\n\t\t\t\t\t<\/div>\n\t\t<\/section>\n\t\t\t\t<section class=\"elementor-section elementor-top-section elementor-element elementor-element-86bcd38 elementor-section-boxed elementor-section-height-default elementor-section-height-default\" data-id=\"86bcd38\" data-element_type=\"section\" data-e-type=\"section\">\n\t\t\t\t\t\t<div class=\"elementor-container elementor-column-gap-default\">\n\t\t\t\t\t<div class=\"elementor-column elementor-col-25 elementor-top-column elementor-element elementor-element-c2bc821\" data-id=\"c2bc821\" data-element_type=\"column\" data-e-type=\"column\" data-settings=\"{&quot;background_background&quot;:&quot;classic&quot;}\">\n\t\t\t<div class=\"elementor-widget-wrap elementor-element-populated\">\n\t\t\t\t\t\t<div class=\"elementor-element elementor-element-a9249fe elementor-widget elementor-widget-image\" data-id=\"a9249fe\" data-element_type=\"widget\" data-e-type=\"widget\" data-widget_type=\"image.default\">\n\t\t\t\t<div class=\"elementor-widget-container\">\n\t\t\t\t\t\t\t\t\t\t\t\t\t\t\t<img decoding=\"async\" width=\"150\" height=\"150\" src=\"https:\/\/lemanoirsurseine.ovh\/wp-content\/uploads\/2022\/08\/logo-manoir-web-150x150.jpg\" class=\"attachment-thumbnail size-thumbnail wp-image-231\" alt=\"\" \/>\t\t\t\t\t\t\t\t\t\t\t\t\t\t\t<\/div>\n\t\t\t\t<\/div>\n\t\t\t\t<div class=\"elementor-element elementor-element-f8b2cc8 elementor-widget elementor-widget-text-editor\" data-id=\"f8b2cc8\" data-element_type=\"widget\" data-e-type=\"widget\" data-widget_type=\"text-editor.default\">\n\t\t\t\t<div class=\"elementor-widget-container\">\n\t\t\t\t\t\t\t\t\t<p><strong>place George Levy<\/strong><\/p><p><strong>t\u00e9l\u00e9phone :<\/strong> 02 32 49 80 60\u00a0<\/p><p><strong>mail :<\/strong> mairie@mairielemanoir.fr<\/p>\t\t\t\t\t\t\t\t<\/div>\n\t\t\t\t<\/div>\n\t\t\t\t\t<\/div>\n\t\t<\/div>\n\t\t\t\t<div class=\"elementor-column elementor-col-25 elementor-top-column elementor-element elementor-element-b258667\" data-id=\"b258667\" data-element_type=\"column\" data-e-type=\"column\" data-settings=\"{&quot;background_background&quot;:&quot;classic&quot;}\">\n\t\t\t<div class=\"elementor-widget-wrap elementor-element-populated\">\n\t\t\t\t\t\t<div class=\"elementor-element elementor-element-8d23136 elementor-widget elementor-widget-text-editor\" data-id=\"8d23136\" data-element_type=\"widget\" data-e-type=\"widget\" data-widget_type=\"text-editor.default\">\n\t\t\t\t<div class=\"elementor-widget-container\">\n\t\t\t\t\t\t\t\t\t<p><strong>HORAIRES DE LA MAIRIE :<\/strong><\/p><p><strong>Lundi, Mardi, Jeudi :<\/strong><\/p><p>8h30-12h00 13h30-17h30<\/p><p><strong>Mercredi :<\/strong><\/p><p>8h30-12h00<\/p><p><strong>Vendredi :<\/strong><\/p><p>8h30-12h00 13h30-17h00<\/p>\t\t\t\t\t\t\t\t<\/div>\n\t\t\t\t<\/div>\n\t\t\t\t\t<\/div>\n\t\t<\/div>\n\t\t\t\t<div class=\"elementor-column elementor-col-25 elementor-top-column elementor-element elementor-element-eac0210\" data-id=\"eac0210\" data-element_type=\"column\" data-e-type=\"column\" data-settings=\"{&quot;background_background&quot;:&quot;classic&quot;}\">\n\t\t\t<div class=\"elementor-widget-wrap elementor-element-populated\">\n\t\t\t\t\t\t<div class=\"elementor-element elementor-element-e863aac elementor-widget elementor-widget-text-editor\" data-id=\"e863aac\" data-element_type=\"widget\" data-e-type=\"widget\" data-widget_type=\"text-editor.default\">\n\t\t\t\t<div class=\"elementor-widget-container\">\n\t\t\t\t\t\t\t\t\t<p><strong>Plan du site\u00a0<\/strong><\/p><p><strong>Mentions l\u00e9gales<\/strong><\/p>\t\t\t\t\t\t\t\t<\/div>\n\t\t\t\t<\/div>\n\t\t\t\t\t<\/div>\n\t\t<\/div>\n\t\t\t\t<div class=\"elementor-column elementor-col-25 elementor-top-column elementor-element elementor-element-cdd9045\" data-id=\"cdd9045\" data-element_type=\"column\" data-e-type=\"column\" data-settings=\"{&quot;background_background&quot;:&quot;classic&quot;}\">\n\t\t\t<div class=\"elementor-widget-wrap elementor-element-populated\">\n\t\t\t\t\t\t<div class=\"elementor-element elementor-element-233bd13 elementor-view-default elementor-widget elementor-widget-icon\" data-id=\"233bd13\" data-element_type=\"widget\" data-e-type=\"widget\" data-widget_type=\"icon.default\">\n\t\t\t\t<div class=\"elementor-widget-container\">\n\t\t\t\t\t\t\t<div class=\"elementor-icon-wrapper\">\n\t\t\t<div class=\"elementor-icon\">\n\t\t\t<i aria-hidden=\"true\" class=\"far fa-copyright\"><\/i>\t\t\t<\/div>\n\t\t<\/div>\n\t\t\t\t\t\t<\/div>\n\t\t\t\t<\/div>\n\t\t\t\t<div class=\"elementor-element elementor-element-a9e61a0 elementor-widget elementor-widget-text-editor\" data-id=\"a9e61a0\" data-element_type=\"widget\" data-e-type=\"widget\" data-widget_type=\"text-editor.default\">\n\t\t\t\t<div class=\"elementor-widget-container\">\n\t\t\t\t\t\t\t\t\t<p>copyright\/<\/p><p><strong>par la mairie de Le Manoir-sur-Seine<\/strong><\/p><p>propuls\u00e9 par\u00a0l&rsquo;agence<\/p><p><strong>OB WEB DESIGNER\u00a0<\/strong><\/p>\t\t\t\t\t\t\t\t<\/div>\n\t\t\t\t<\/div>\n\t\t\t\t\t<\/div>\n\t\t<\/div>\n\t\t\t\t\t<\/div>\n\t\t<\/section>\n\t\t\t\t<\/div>\n\t\t","protected":false},"excerpt":{"rendered":"<p>Un dispositif de recueil de donn\u00e9es biom\u00e9triques permet d\u2019enregistrer les demandes des passeports et des cartes nationales d\u2019identit\u00e9 (CNI). Afin d\u2019am\u00e9liorer la s\u00e9curit\u00e9 et de lutter efficacement contre la falsification et la contrefa\u00e7on, ces documents ont recours \u00e0 la biom\u00e9trie depuis mars 2017 et les demandes s\u2019effectuent dans les mairies \u00e9quip\u00e9es d\u2019un dispositif de recueil&nbsp;&hellip;<\/p>\n","protected":false},"author":1,"featured_media":0,"parent":0,"menu_order":0,"comment_status":"closed","ping_status":"closed","template":"","meta":{"footnotes":""},"class_list":["post-69","page","type-page","status-publish","hentry"],"yoast_head":"<!-- This site is optimized with the Yoast SEO plugin v27.1.1 - https:\/\/yoast.com\/product\/yoast-seo-wordpress\/ -->\n<title>carte d&#039;identit\u00e9\/passeport -<\/title>\n<meta name=\"robots\" content=\"index, follow, max-snippet:-1, max-image-preview:large, max-video-preview:-1\" \/>\n<link rel=\"canonical\" href=\"https:\/\/lemanoirsurseine.ovh\/?page_id=69\" \/>\n<meta property=\"og:locale\" content=\"fr_FR\" \/>\n<meta property=\"og:type\" content=\"article\" \/>\n<meta property=\"og:title\" content=\"carte d&#039;identit\u00e9\/passeport -\" \/>\n<meta property=\"og:description\" content=\"Un dispositif de recueil de donn\u00e9es biom\u00e9triques permet d\u2019enregistrer les demandes des passeports et des cartes nationales d\u2019identit\u00e9 (CNI). Afin d\u2019am\u00e9liorer la s\u00e9curit\u00e9 et de lutter efficacement contre la falsification et la contrefa\u00e7on, ces documents ont recours \u00e0 la biom\u00e9trie depuis mars 2017 et les demandes s\u2019effectuent dans les mairies \u00e9quip\u00e9es d\u2019un dispositif de recueil&nbsp;&hellip;\" \/>\n<meta property=\"og:url\" content=\"https:\/\/lemanoirsurseine.ovh\/?page_id=69\" \/>\n<meta property=\"article:publisher\" content=\"https:\/\/www.facebook.com\/lemanoirsurseine\" \/>\n<meta property=\"article:modified_time\" content=\"2022-08-15T13:47:27+00:00\" \/>\n<meta property=\"og:image\" content=\"http:\/\/lemanoirsurseine.ovh\/wp-content\/uploads\/2022\/08\/passeport-web.png\" \/>\n<meta name=\"twitter:card\" content=\"summary_large_image\" \/>\n<meta name=\"twitter:label1\" content=\"Dur\u00e9e de lecture estim\u00e9e\" \/>\n\t<meta name=\"twitter:data1\" content=\"2 minutes\" \/>\n<script type=\"application\/ld+json\" class=\"yoast-schema-graph\">{\"@context\":\"https:\/\/schema.org\",\"@graph\":[{\"@type\":\"WebPage\",\"@id\":\"https:\/\/lemanoirsurseine.ovh\/?page_id=69\",\"url\":\"https:\/\/lemanoirsurseine.ovh\/?page_id=69\",\"name\":\"carte d'identit\u00e9\/passeport -\",\"isPartOf\":{\"@id\":\"https:\/\/lemanoirsurseine.ovh\/#website\"},\"primaryImageOfPage\":{\"@id\":\"https:\/\/lemanoirsurseine.ovh\/?page_id=69#primaryimage\"},\"image\":{\"@id\":\"https:\/\/lemanoirsurseine.ovh\/?page_id=69#primaryimage\"},\"thumbnailUrl\":\"http:\/\/lemanoirsurseine.ovh\/wp-content\/uploads\/2022\/08\/passeport-web.png\",\"datePublished\":\"2022-06-23T12:47:49+00:00\",\"dateModified\":\"2022-08-15T13:47:27+00:00\",\"breadcrumb\":{\"@id\":\"https:\/\/lemanoirsurseine.ovh\/?page_id=69#breadcrumb\"},\"inLanguage\":\"fr-FR\",\"potentialAction\":[{\"@type\":\"ReadAction\",\"target\":[\"https:\/\/lemanoirsurseine.ovh\/?page_id=69\"]}]},{\"@type\":\"ImageObject\",\"inLanguage\":\"fr-FR\",\"@id\":\"https:\/\/lemanoirsurseine.ovh\/?page_id=69#primaryimage\",\"url\":\"https:\/\/lemanoirsurseine.ovh\/wp-content\/uploads\/2022\/08\/passeport-web.png\",\"contentUrl\":\"https:\/\/lemanoirsurseine.ovh\/wp-content\/uploads\/2022\/08\/passeport-web.png\",\"width\":500,\"height\":378},{\"@type\":\"BreadcrumbList\",\"@id\":\"https:\/\/lemanoirsurseine.ovh\/?page_id=69#breadcrumb\",\"itemListElement\":[{\"@type\":\"ListItem\",\"position\":1,\"name\":\"Accueil\",\"item\":\"https:\/\/lemanoirsurseine.ovh\/\"},{\"@type\":\"ListItem\",\"position\":2,\"name\":\"carte d&rsquo;identit\u00e9\/passeport\"}]},{\"@type\":\"WebSite\",\"@id\":\"https:\/\/lemanoirsurseine.ovh\/#website\",\"url\":\"https:\/\/lemanoirsurseine.ovh\/\",\"name\":\"\",\"description\":\"\",\"publisher\":{\"@id\":\"https:\/\/lemanoirsurseine.ovh\/#organization\"},\"potentialAction\":[{\"@type\":\"SearchAction\",\"target\":{\"@type\":\"EntryPoint\",\"urlTemplate\":\"https:\/\/lemanoirsurseine.ovh\/?s={search_term_string}\"},\"query-input\":{\"@type\":\"PropertyValueSpecification\",\"valueRequired\":true,\"valueName\":\"search_term_string\"}}],\"inLanguage\":\"fr-FR\"},{\"@type\":\"Organization\",\"@id\":\"https:\/\/lemanoirsurseine.ovh\/#organization\",\"name\":\"Le Manoir-sur-Seine\",\"url\":\"https:\/\/lemanoirsurseine.ovh\/\",\"logo\":{\"@type\":\"ImageObject\",\"inLanguage\":\"fr-FR\",\"@id\":\"https:\/\/lemanoirsurseine.ovh\/#\/schema\/logo\/image\/\",\"url\":\"http:\/\/lemanoirsurseine.ovh\/wp-content\/uploads\/2022\/06\/cropped-logomanoir13-1-300x300-1.png\",\"contentUrl\":\"http:\/\/lemanoirsurseine.ovh\/wp-content\/uploads\/2022\/06\/cropped-logomanoir13-1-300x300-1.png\",\"width\":300,\"height\":300,\"caption\":\"Le Manoir-sur-Seine\"},\"image\":{\"@id\":\"https:\/\/lemanoirsurseine.ovh\/#\/schema\/logo\/image\/\"},\"sameAs\":[\"https:\/\/www.facebook.com\/lemanoirsurseine\"]}]}<\/script>\n<!-- \/ Yoast SEO plugin. -->","yoast_head_json":{"title":"carte d'identit\u00e9\/passeport -","robots":{"index":"index","follow":"follow","max-snippet":"max-snippet:-1","max-image-preview":"max-image-preview:large","max-video-preview":"max-video-preview:-1"},"canonical":"https:\/\/lemanoirsurseine.ovh\/?page_id=69","og_locale":"fr_FR","og_type":"article","og_title":"carte d'identit\u00e9\/passeport -","og_description":"Un dispositif de recueil de donn\u00e9es biom\u00e9triques permet d\u2019enregistrer les demandes des passeports et des cartes nationales d\u2019identit\u00e9 (CNI). Afin d\u2019am\u00e9liorer la s\u00e9curit\u00e9 et de lutter efficacement contre la falsification et la contrefa\u00e7on, ces documents ont recours \u00e0 la biom\u00e9trie depuis mars 2017 et les demandes s\u2019effectuent dans les mairies \u00e9quip\u00e9es d\u2019un dispositif de recueil&nbsp;&hellip;","og_url":"https:\/\/lemanoirsurseine.ovh\/?page_id=69","article_publisher":"https:\/\/www.facebook.com\/lemanoirsurseine","article_modified_time":"2022-08-15T13:47:27+00:00","og_image":[{"url":"http:\/\/lemanoirsurseine.ovh\/wp-content\/uploads\/2022\/08\/passeport-web.png","type":"","width":"","height":""}],"twitter_card":"summary_large_image","twitter_misc":{"Dur\u00e9e de lecture estim\u00e9e":"2 minutes"},"schema":{"@context":"https:\/\/schema.org","@graph":[{"@type":"WebPage","@id":"https:\/\/lemanoirsurseine.ovh\/?page_id=69","url":"https:\/\/lemanoirsurseine.ovh\/?page_id=69","name":"carte d'identit\u00e9\/passeport -","isPartOf":{"@id":"https:\/\/lemanoirsurseine.ovh\/#website"},"primaryImageOfPage":{"@id":"https:\/\/lemanoirsurseine.ovh\/?page_id=69#primaryimage"},"image":{"@id":"https:\/\/lemanoirsurseine.ovh\/?page_id=69#primaryimage"},"thumbnailUrl":"http:\/\/lemanoirsurseine.ovh\/wp-content\/uploads\/2022\/08\/passeport-web.png","datePublished":"2022-06-23T12:47:49+00:00","dateModified":"2022-08-15T13:47:27+00:00","breadcrumb":{"@id":"https:\/\/lemanoirsurseine.ovh\/?page_id=69#breadcrumb"},"inLanguage":"fr-FR","potentialAction":[{"@type":"ReadAction","target":["https:\/\/lemanoirsurseine.ovh\/?page_id=69"]}]},{"@type":"ImageObject","inLanguage":"fr-FR","@id":"https:\/\/lemanoirsurseine.ovh\/?page_id=69#primaryimage","url":"https:\/\/lemanoirsurseine.ovh\/wp-content\/uploads\/2022\/08\/passeport-web.png","contentUrl":"https:\/\/lemanoirsurseine.ovh\/wp-content\/uploads\/2022\/08\/passeport-web.png","width":500,"height":378},{"@type":"BreadcrumbList","@id":"https:\/\/lemanoirsurseine.ovh\/?page_id=69#breadcrumb","itemListElement":[{"@type":"ListItem","position":1,"name":"Accueil","item":"https:\/\/lemanoirsurseine.ovh\/"},{"@type":"ListItem","position":2,"name":"carte d&rsquo;identit\u00e9\/passeport"}]},{"@type":"WebSite","@id":"https:\/\/lemanoirsurseine.ovh\/#website","url":"https:\/\/lemanoirsurseine.ovh\/","name":"","description":"","publisher":{"@id":"https:\/\/lemanoirsurseine.ovh\/#organization"},"potentialAction":[{"@type":"SearchAction","target":{"@type":"EntryPoint","urlTemplate":"https:\/\/lemanoirsurseine.ovh\/?s={search_term_string}"},"query-input":{"@type":"PropertyValueSpecification","valueRequired":true,"valueName":"search_term_string"}}],"inLanguage":"fr-FR"},{"@type":"Organization","@id":"https:\/\/lemanoirsurseine.ovh\/#organization","name":"Le Manoir-sur-Seine","url":"https:\/\/lemanoirsurseine.ovh\/","logo":{"@type":"ImageObject","inLanguage":"fr-FR","@id":"https:\/\/lemanoirsurseine.ovh\/#\/schema\/logo\/image\/","url":"http:\/\/lemanoirsurseine.ovh\/wp-content\/uploads\/2022\/06\/cropped-logomanoir13-1-300x300-1.png","contentUrl":"http:\/\/lemanoirsurseine.ovh\/wp-content\/uploads\/2022\/06\/cropped-logomanoir13-1-300x300-1.png","width":300,"height":300,"caption":"Le Manoir-sur-Seine"},"image":{"@id":"https:\/\/lemanoirsurseine.ovh\/#\/schema\/logo\/image\/"},"sameAs":["https:\/\/www.facebook.com\/lemanoirsurseine"]}]}},"_links":{"self":[{"href":"https:\/\/lemanoirsurseine.ovh\/index.php?rest_route=\/wp\/v2\/pages\/69","targetHints":{"allow":["GET"]}}],"collection":[{"href":"https:\/\/lemanoirsurseine.ovh\/index.php?rest_route=\/wp\/v2\/pages"}],"about":[{"href":"https:\/\/lemanoirsurseine.ovh\/index.php?rest_route=\/wp\/v2\/types\/page"}],"author":[{"embeddable":true,"href":"https:\/\/lemanoirsurseine.ovh\/index.php?rest_route=\/wp\/v2\/users\/1"}],"replies":[{"embeddable":true,"href":"https:\/\/lemanoirsurseine.ovh\/index.php?rest_route=%2Fwp%2Fv2%2Fcomments&post=69"}],"version-history":[{"count":25,"href":"https:\/\/lemanoirsurseine.ovh\/index.php?rest_route=\/wp\/v2\/pages\/69\/revisions"}],"predecessor-version":[{"id":1596,"href":"https:\/\/lemanoirsurseine.ovh\/index.php?rest_route=\/wp\/v2\/pages\/69\/revisions\/1596"}],"wp:attachment":[{"href":"https:\/\/lemanoirsurseine.ovh\/index.php?rest_route=%2Fwp%2Fv2%2Fmedia&parent=69"}],"curies":[{"name":"wp","href":"https:\/\/api.w.org\/{rel}","templated":true}]}}