{"id":89,"date":"2022-06-23T14:59:17","date_gmt":"2022-06-23T12:59:17","guid":{"rendered":"http:\/\/lemanoirsurseine.ovh\/?page_id=89"},"modified":"2022-08-15T15:55:46","modified_gmt":"2022-08-15T13:55:46","slug":"inscription-aux-listes-electorales","status":"publish","type":"page","link":"https:\/\/lemanoirsurseine.ovh\/?page_id=89","title":{"rendered":"inscription aux listes \u00e9lectorales"},"content":{"rendered":"\t\t<div data-elementor-type=\"wp-page\" data-elementor-id=\"89\" class=\"elementor elementor-89\">\n\t\t\t\t\t\t<section class=\"elementor-section elementor-top-section elementor-element elementor-element-a0649ea elementor-section-boxed elementor-section-height-default elementor-section-height-default\" data-id=\"a0649ea\" data-element_type=\"section\" data-e-type=\"section\">\n\t\t\t\t\t\t<div class=\"elementor-container elementor-column-gap-default\">\n\t\t\t\t\t<div class=\"elementor-column elementor-col-100 elementor-top-column elementor-element elementor-element-d0c5bed\" data-id=\"d0c5bed\" data-element_type=\"column\" data-e-type=\"column\">\n\t\t\t<div class=\"elementor-widget-wrap elementor-element-populated\">\n\t\t\t\t\t\t<div class=\"elementor-element elementor-element-52b5d38 elementor-widget elementor-widget-image\" data-id=\"52b5d38\" data-element_type=\"widget\" data-e-type=\"widget\" data-widget_type=\"image.default\">\n\t\t\t\t<div class=\"elementor-widget-container\">\n\t\t\t\t\t\t\t\t\t\t\t\t\t\t\t<img fetchpriority=\"high\" decoding=\"async\" width=\"500\" height=\"351\" src=\"https:\/\/lemanoirsurseine.ovh\/wp-content\/uploads\/2022\/08\/carte-electorale.jpg\" class=\"attachment-medium_large size-medium_large wp-image-659\" alt=\"\" srcset=\"https:\/\/lemanoirsurseine.ovh\/wp-content\/uploads\/2022\/08\/carte-electorale.jpg 500w, https:\/\/lemanoirsurseine.ovh\/wp-content\/uploads\/2022\/08\/carte-electorale-300x211.jpg 300w\" sizes=\"(max-width: 500px) 100vw, 500px\" \/>\t\t\t\t\t\t\t\t\t\t\t\t\t\t\t<\/div>\n\t\t\t\t<\/div>\n\t\t\t\t\t<\/div>\n\t\t<\/div>\n\t\t\t\t\t<\/div>\n\t\t<\/section>\n\t\t\t\t<section class=\"elementor-section elementor-top-section elementor-element elementor-element-d36f1dd elementor-section-boxed elementor-section-height-default elementor-section-height-default\" data-id=\"d36f1dd\" data-element_type=\"section\" data-e-type=\"section\">\n\t\t\t\t\t\t<div class=\"elementor-container elementor-column-gap-default\">\n\t\t\t\t\t<div class=\"elementor-column elementor-col-100 elementor-top-column elementor-element elementor-element-646d367\" data-id=\"646d367\" data-element_type=\"column\" data-e-type=\"column\">\n\t\t\t<div class=\"elementor-widget-wrap elementor-element-populated\">\n\t\t\t\t\t\t<div class=\"elementor-element elementor-element-eca4546 elementor-widget elementor-widget-text-editor\" data-id=\"eca4546\" data-element_type=\"widget\" data-e-type=\"widget\" data-widget_type=\"text-editor.default\">\n\t\t\t\t<div class=\"elementor-widget-container\">\n\t\t\t\t\t\t\t\t\t<p><strong><u>O\u00f9 s\u2019adresser<\/u>\u00a0<\/strong>:<\/p><p>mairie de domicile, inscriptions toute l\u2019ann\u00e9e jusqu\u2019au 6<sup>eme<\/sup>\u00a0vendredi pr\u00e9c\u00e9dant le 1<sup>er<\/sup>\u00a0tour du scrutin<\/p><p><u><strong>Pi\u00e8ces \u00e0 fournir<\/strong> :<\/u><\/p><p>Une pi\u00e8ce d\u2019identit\u00e9 en cours de validit\u00e9 ou p\u00e9rim\u00e9e depuis moins de 5 ans.<\/p><p>Un justificatif de domicile (eau, gaz, \u00e9lectricit\u00e9, t\u00e9l\u00e9phone fixe \u2026) de\u00a0<strong><u>moins de 3 mois.<\/u><\/strong><\/p><p>Le formulaire CERFA (disponible en mairie)<\/p><p>Inscription et d\u00e9marche possible en ligne sur\u00a0:\u00a0<a href=\"http:\/\/www.service-public.fr\/\">www.service-public.fr<\/a><\/p><p><a href=\"https:\/\/www.service-public.fr\/particuliers\/vosdroits\/R16396\">https:\/\/www.service-public.fr\/particuliers\/vosdroits\/R16396<\/a><\/p><p>\u00a0<\/p><p>Pour v\u00e9rifier que vous \u00eates bien inscrit sur les listes \u00e9lectorales et conna\u00eetre votre bureau de vote, consultez le site d\u00e9di\u00e9.<\/p><p><a href=\"https:\/\/www.service-public.fr\/particuliers\/vosdroits\/R51788\">https:\/\/www.service-public.fr\/particuliers\/vosdroits\/R51788<\/a><\/p>\t\t\t\t\t\t\t\t<\/div>\n\t\t\t\t<\/div>\n\t\t\t\t\t<\/div>\n\t\t<\/div>\n\t\t\t\t\t<\/div>\n\t\t<\/section>\n\t\t\t\t<section class=\"elementor-section elementor-top-section elementor-element elementor-element-e3e66a2 elementor-section-boxed elementor-section-height-default elementor-section-height-default\" data-id=\"e3e66a2\" data-element_type=\"section\" data-e-type=\"section\">\n\t\t\t\t\t\t<div class=\"elementor-container elementor-column-gap-default\">\n\t\t\t\t\t<div class=\"elementor-column elementor-col-25 elementor-top-column elementor-element elementor-element-5c4b4e2\" data-id=\"5c4b4e2\" data-element_type=\"column\" data-e-type=\"column\" data-settings=\"{&quot;background_background&quot;:&quot;classic&quot;}\">\n\t\t\t<div class=\"elementor-widget-wrap elementor-element-populated\">\n\t\t\t\t\t\t<div class=\"elementor-element elementor-element-ffd6355 elementor-widget elementor-widget-image\" data-id=\"ffd6355\" data-element_type=\"widget\" data-e-type=\"widget\" data-widget_type=\"image.default\">\n\t\t\t\t<div class=\"elementor-widget-container\">\n\t\t\t\t\t\t\t\t\t\t\t\t\t\t\t<img decoding=\"async\" width=\"150\" height=\"150\" src=\"https:\/\/lemanoirsurseine.ovh\/wp-content\/uploads\/2022\/08\/logo-manoir-web-150x150.jpg\" class=\"attachment-thumbnail size-thumbnail wp-image-231\" alt=\"\" \/>\t\t\t\t\t\t\t\t\t\t\t\t\t\t\t<\/div>\n\t\t\t\t<\/div>\n\t\t\t\t<div class=\"elementor-element elementor-element-8f65eb5 elementor-widget elementor-widget-text-editor\" data-id=\"8f65eb5\" data-element_type=\"widget\" data-e-type=\"widget\" data-widget_type=\"text-editor.default\">\n\t\t\t\t<div class=\"elementor-widget-container\">\n\t\t\t\t\t\t\t\t\t<p><strong>place George Levy<\/strong><\/p><p><strong>t\u00e9l\u00e9phone :<\/strong> 02 32 49 80 60\u00a0<\/p><p><strong>mail :<\/strong> mairie@mairielemanoir.fr<\/p>\t\t\t\t\t\t\t\t<\/div>\n\t\t\t\t<\/div>\n\t\t\t\t\t<\/div>\n\t\t<\/div>\n\t\t\t\t<div class=\"elementor-column elementor-col-25 elementor-top-column elementor-element elementor-element-eac432d\" data-id=\"eac432d\" data-element_type=\"column\" data-e-type=\"column\" data-settings=\"{&quot;background_background&quot;:&quot;classic&quot;}\">\n\t\t\t<div class=\"elementor-widget-wrap elementor-element-populated\">\n\t\t\t\t\t\t<div class=\"elementor-element elementor-element-0d4e755 elementor-widget elementor-widget-text-editor\" data-id=\"0d4e755\" data-element_type=\"widget\" data-e-type=\"widget\" data-widget_type=\"text-editor.default\">\n\t\t\t\t<div class=\"elementor-widget-container\">\n\t\t\t\t\t\t\t\t\t<p><strong>HORAIRES DE LA MAIRIE :<\/strong><\/p><p><strong>Lundi, Mardi, Jeudi :<\/strong><\/p><p>8h30-12h00 13h30-17h30<\/p><p><strong>Mercredi :<\/strong><\/p><p>8h30-12h00<\/p><p><strong>Vendredi :<\/strong><\/p><p>8h30-12h00 13h30-17h00<\/p>\t\t\t\t\t\t\t\t<\/div>\n\t\t\t\t<\/div>\n\t\t\t\t\t<\/div>\n\t\t<\/div>\n\t\t\t\t<div class=\"elementor-column elementor-col-25 elementor-top-column elementor-element elementor-element-d148aa4\" data-id=\"d148aa4\" data-element_type=\"column\" data-e-type=\"column\" data-settings=\"{&quot;background_background&quot;:&quot;classic&quot;}\">\n\t\t\t<div class=\"elementor-widget-wrap elementor-element-populated\">\n\t\t\t\t\t\t<div class=\"elementor-element elementor-element-a344b0c elementor-widget elementor-widget-text-editor\" data-id=\"a344b0c\" data-element_type=\"widget\" data-e-type=\"widget\" data-widget_type=\"text-editor.default\">\n\t\t\t\t<div class=\"elementor-widget-container\">\n\t\t\t\t\t\t\t\t\t<p><strong>Plan du site\u00a0<\/strong><\/p><p><strong>Mentions l\u00e9gales<\/strong><\/p>\t\t\t\t\t\t\t\t<\/div>\n\t\t\t\t<\/div>\n\t\t\t\t\t<\/div>\n\t\t<\/div>\n\t\t\t\t<div class=\"elementor-column elementor-col-25 elementor-top-column elementor-element elementor-element-5d868bf\" data-id=\"5d868bf\" data-element_type=\"column\" data-e-type=\"column\" data-settings=\"{&quot;background_background&quot;:&quot;classic&quot;}\">\n\t\t\t<div class=\"elementor-widget-wrap elementor-element-populated\">\n\t\t\t\t\t\t<div class=\"elementor-element elementor-element-44bb546 elementor-view-default elementor-widget elementor-widget-icon\" data-id=\"44bb546\" data-element_type=\"widget\" data-e-type=\"widget\" data-widget_type=\"icon.default\">\n\t\t\t\t<div class=\"elementor-widget-container\">\n\t\t\t\t\t\t\t<div class=\"elementor-icon-wrapper\">\n\t\t\t<div class=\"elementor-icon\">\n\t\t\t<i aria-hidden=\"true\" class=\"far fa-copyright\"><\/i>\t\t\t<\/div>\n\t\t<\/div>\n\t\t\t\t\t\t<\/div>\n\t\t\t\t<\/div>\n\t\t\t\t<div class=\"elementor-element elementor-element-b287781 elementor-widget elementor-widget-text-editor\" data-id=\"b287781\" data-element_type=\"widget\" data-e-type=\"widget\" data-widget_type=\"text-editor.default\">\n\t\t\t\t<div class=\"elementor-widget-container\">\n\t\t\t\t\t\t\t\t\t<p>copyright\/<\/p><p><strong>par la mairie de Le Manoir-sur-Seine<\/strong><\/p><p>propuls\u00e9 par\u00a0l&rsquo;agence<\/p><p><strong>OB WEB DESIGNER\u00a0<\/strong><\/p>\t\t\t\t\t\t\t\t<\/div>\n\t\t\t\t<\/div>\n\t\t\t\t\t<\/div>\n\t\t<\/div>\n\t\t\t\t\t<\/div>\n\t\t<\/section>\n\t\t\t\t<\/div>\n\t\t","protected":false},"excerpt":{"rendered":"<p>O\u00f9 s\u2019adresser\u00a0: mairie de domicile, inscriptions toute l\u2019ann\u00e9e jusqu\u2019au 6eme\u00a0vendredi pr\u00e9c\u00e9dant le 1er\u00a0tour du scrutin Pi\u00e8ces \u00e0 fournir : Une pi\u00e8ce d\u2019identit\u00e9 en cours de validit\u00e9 ou p\u00e9rim\u00e9e depuis moins de 5 ans. Un justificatif de domicile (eau, gaz, \u00e9lectricit\u00e9, t\u00e9l\u00e9phone fixe \u2026) de\u00a0moins de 3 mois. Le formulaire CERFA (disponible en mairie) Inscription et&nbsp;&hellip;<\/p>\n","protected":false},"author":1,"featured_media":0,"parent":0,"menu_order":0,"comment_status":"closed","ping_status":"closed","template":"","meta":{"footnotes":""},"class_list":["post-89","page","type-page","status-publish","hentry"],"yoast_head":"<!-- This site is optimized with the Yoast SEO plugin v27.1.1 - https:\/\/yoast.com\/product\/yoast-seo-wordpress\/ -->\n<title>inscription aux listes \u00e9lectorales -<\/title>\n<meta name=\"robots\" content=\"index, follow, max-snippet:-1, max-image-preview:large, max-video-preview:-1\" \/>\n<link rel=\"canonical\" href=\"https:\/\/lemanoirsurseine.ovh\/?page_id=89\" \/>\n<meta property=\"og:locale\" content=\"fr_FR\" \/>\n<meta property=\"og:type\" content=\"article\" \/>\n<meta property=\"og:title\" content=\"inscription aux listes \u00e9lectorales -\" \/>\n<meta property=\"og:description\" content=\"O\u00f9 s\u2019adresser\u00a0: mairie de domicile, inscriptions toute l\u2019ann\u00e9e jusqu\u2019au 6eme\u00a0vendredi pr\u00e9c\u00e9dant le 1er\u00a0tour du scrutin Pi\u00e8ces \u00e0 fournir : Une pi\u00e8ce d\u2019identit\u00e9 en cours de validit\u00e9 ou p\u00e9rim\u00e9e depuis moins de 5 ans. Un justificatif de domicile (eau, gaz, \u00e9lectricit\u00e9, t\u00e9l\u00e9phone fixe \u2026) de\u00a0moins de 3 mois. Le formulaire CERFA (disponible en mairie) Inscription et&nbsp;&hellip;\" \/>\n<meta property=\"og:url\" content=\"https:\/\/lemanoirsurseine.ovh\/?page_id=89\" \/>\n<meta property=\"article:publisher\" content=\"https:\/\/www.facebook.com\/lemanoirsurseine\" \/>\n<meta property=\"article:modified_time\" content=\"2022-08-15T13:55:46+00:00\" \/>\n<meta property=\"og:image\" content=\"http:\/\/lemanoirsurseine.ovh\/wp-content\/uploads\/2022\/08\/carte-electorale.jpg\" \/>\n<meta name=\"twitter:card\" content=\"summary_large_image\" \/>\n<meta name=\"twitter:label1\" content=\"Dur\u00e9e de lecture estim\u00e9e\" \/>\n\t<meta name=\"twitter:data1\" content=\"2 minutes\" \/>\n<script type=\"application\/ld+json\" class=\"yoast-schema-graph\">{\"@context\":\"https:\/\/schema.org\",\"@graph\":[{\"@type\":\"WebPage\",\"@id\":\"https:\/\/lemanoirsurseine.ovh\/?page_id=89\",\"url\":\"https:\/\/lemanoirsurseine.ovh\/?page_id=89\",\"name\":\"inscription aux listes \u00e9lectorales -\",\"isPartOf\":{\"@id\":\"https:\/\/lemanoirsurseine.ovh\/#website\"},\"primaryImageOfPage\":{\"@id\":\"https:\/\/lemanoirsurseine.ovh\/?page_id=89#primaryimage\"},\"image\":{\"@id\":\"https:\/\/lemanoirsurseine.ovh\/?page_id=89#primaryimage\"},\"thumbnailUrl\":\"http:\/\/lemanoirsurseine.ovh\/wp-content\/uploads\/2022\/08\/carte-electorale.jpg\",\"datePublished\":\"2022-06-23T12:59:17+00:00\",\"dateModified\":\"2022-08-15T13:55:46+00:00\",\"breadcrumb\":{\"@id\":\"https:\/\/lemanoirsurseine.ovh\/?page_id=89#breadcrumb\"},\"inLanguage\":\"fr-FR\",\"potentialAction\":[{\"@type\":\"ReadAction\",\"target\":[\"https:\/\/lemanoirsurseine.ovh\/?page_id=89\"]}]},{\"@type\":\"ImageObject\",\"inLanguage\":\"fr-FR\",\"@id\":\"https:\/\/lemanoirsurseine.ovh\/?page_id=89#primaryimage\",\"url\":\"https:\/\/lemanoirsurseine.ovh\/wp-content\/uploads\/2022\/08\/carte-electorale.jpg\",\"contentUrl\":\"https:\/\/lemanoirsurseine.ovh\/wp-content\/uploads\/2022\/08\/carte-electorale.jpg\",\"width\":500,\"height\":351},{\"@type\":\"BreadcrumbList\",\"@id\":\"https:\/\/lemanoirsurseine.ovh\/?page_id=89#breadcrumb\",\"itemListElement\":[{\"@type\":\"ListItem\",\"position\":1,\"name\":\"Accueil\",\"item\":\"https:\/\/lemanoirsurseine.ovh\/\"},{\"@type\":\"ListItem\",\"position\":2,\"name\":\"inscription aux listes \u00e9lectorales\"}]},{\"@type\":\"WebSite\",\"@id\":\"https:\/\/lemanoirsurseine.ovh\/#website\",\"url\":\"https:\/\/lemanoirsurseine.ovh\/\",\"name\":\"\",\"description\":\"\",\"publisher\":{\"@id\":\"https:\/\/lemanoirsurseine.ovh\/#organization\"},\"potentialAction\":[{\"@type\":\"SearchAction\",\"target\":{\"@type\":\"EntryPoint\",\"urlTemplate\":\"https:\/\/lemanoirsurseine.ovh\/?s={search_term_string}\"},\"query-input\":{\"@type\":\"PropertyValueSpecification\",\"valueRequired\":true,\"valueName\":\"search_term_string\"}}],\"inLanguage\":\"fr-FR\"},{\"@type\":\"Organization\",\"@id\":\"https:\/\/lemanoirsurseine.ovh\/#organization\",\"name\":\"Le Manoir-sur-Seine\",\"url\":\"https:\/\/lemanoirsurseine.ovh\/\",\"logo\":{\"@type\":\"ImageObject\",\"inLanguage\":\"fr-FR\",\"@id\":\"https:\/\/lemanoirsurseine.ovh\/#\/schema\/logo\/image\/\",\"url\":\"http:\/\/lemanoirsurseine.ovh\/wp-content\/uploads\/2022\/06\/cropped-logomanoir13-1-300x300-1.png\",\"contentUrl\":\"http:\/\/lemanoirsurseine.ovh\/wp-content\/uploads\/2022\/06\/cropped-logomanoir13-1-300x300-1.png\",\"width\":300,\"height\":300,\"caption\":\"Le Manoir-sur-Seine\"},\"image\":{\"@id\":\"https:\/\/lemanoirsurseine.ovh\/#\/schema\/logo\/image\/\"},\"sameAs\":[\"https:\/\/www.facebook.com\/lemanoirsurseine\"]}]}<\/script>\n<!-- \/ Yoast SEO plugin. -->","yoast_head_json":{"title":"inscription aux listes \u00e9lectorales -","robots":{"index":"index","follow":"follow","max-snippet":"max-snippet:-1","max-image-preview":"max-image-preview:large","max-video-preview":"max-video-preview:-1"},"canonical":"https:\/\/lemanoirsurseine.ovh\/?page_id=89","og_locale":"fr_FR","og_type":"article","og_title":"inscription aux listes \u00e9lectorales -","og_description":"O\u00f9 s\u2019adresser\u00a0: mairie de domicile, inscriptions toute l\u2019ann\u00e9e jusqu\u2019au 6eme\u00a0vendredi pr\u00e9c\u00e9dant le 1er\u00a0tour du scrutin Pi\u00e8ces \u00e0 fournir : Une pi\u00e8ce d\u2019identit\u00e9 en cours de validit\u00e9 ou p\u00e9rim\u00e9e depuis moins de 5 ans. Un justificatif de domicile (eau, gaz, \u00e9lectricit\u00e9, t\u00e9l\u00e9phone fixe \u2026) de\u00a0moins de 3 mois. Le formulaire CERFA (disponible en mairie) Inscription et&nbsp;&hellip;","og_url":"https:\/\/lemanoirsurseine.ovh\/?page_id=89","article_publisher":"https:\/\/www.facebook.com\/lemanoirsurseine","article_modified_time":"2022-08-15T13:55:46+00:00","og_image":[{"url":"http:\/\/lemanoirsurseine.ovh\/wp-content\/uploads\/2022\/08\/carte-electorale.jpg","type":"","width":"","height":""}],"twitter_card":"summary_large_image","twitter_misc":{"Dur\u00e9e de lecture estim\u00e9e":"2 minutes"},"schema":{"@context":"https:\/\/schema.org","@graph":[{"@type":"WebPage","@id":"https:\/\/lemanoirsurseine.ovh\/?page_id=89","url":"https:\/\/lemanoirsurseine.ovh\/?page_id=89","name":"inscription aux listes \u00e9lectorales -","isPartOf":{"@id":"https:\/\/lemanoirsurseine.ovh\/#website"},"primaryImageOfPage":{"@id":"https:\/\/lemanoirsurseine.ovh\/?page_id=89#primaryimage"},"image":{"@id":"https:\/\/lemanoirsurseine.ovh\/?page_id=89#primaryimage"},"thumbnailUrl":"http:\/\/lemanoirsurseine.ovh\/wp-content\/uploads\/2022\/08\/carte-electorale.jpg","datePublished":"2022-06-23T12:59:17+00:00","dateModified":"2022-08-15T13:55:46+00:00","breadcrumb":{"@id":"https:\/\/lemanoirsurseine.ovh\/?page_id=89#breadcrumb"},"inLanguage":"fr-FR","potentialAction":[{"@type":"ReadAction","target":["https:\/\/lemanoirsurseine.ovh\/?page_id=89"]}]},{"@type":"ImageObject","inLanguage":"fr-FR","@id":"https:\/\/lemanoirsurseine.ovh\/?page_id=89#primaryimage","url":"https:\/\/lemanoirsurseine.ovh\/wp-content\/uploads\/2022\/08\/carte-electorale.jpg","contentUrl":"https:\/\/lemanoirsurseine.ovh\/wp-content\/uploads\/2022\/08\/carte-electorale.jpg","width":500,"height":351},{"@type":"BreadcrumbList","@id":"https:\/\/lemanoirsurseine.ovh\/?page_id=89#breadcrumb","itemListElement":[{"@type":"ListItem","position":1,"name":"Accueil","item":"https:\/\/lemanoirsurseine.ovh\/"},{"@type":"ListItem","position":2,"name":"inscription aux listes \u00e9lectorales"}]},{"@type":"WebSite","@id":"https:\/\/lemanoirsurseine.ovh\/#website","url":"https:\/\/lemanoirsurseine.ovh\/","name":"","description":"","publisher":{"@id":"https:\/\/lemanoirsurseine.ovh\/#organization"},"potentialAction":[{"@type":"SearchAction","target":{"@type":"EntryPoint","urlTemplate":"https:\/\/lemanoirsurseine.ovh\/?s={search_term_string}"},"query-input":{"@type":"PropertyValueSpecification","valueRequired":true,"valueName":"search_term_string"}}],"inLanguage":"fr-FR"},{"@type":"Organization","@id":"https:\/\/lemanoirsurseine.ovh\/#organization","name":"Le Manoir-sur-Seine","url":"https:\/\/lemanoirsurseine.ovh\/","logo":{"@type":"ImageObject","inLanguage":"fr-FR","@id":"https:\/\/lemanoirsurseine.ovh\/#\/schema\/logo\/image\/","url":"http:\/\/lemanoirsurseine.ovh\/wp-content\/uploads\/2022\/06\/cropped-logomanoir13-1-300x300-1.png","contentUrl":"http:\/\/lemanoirsurseine.ovh\/wp-content\/uploads\/2022\/06\/cropped-logomanoir13-1-300x300-1.png","width":300,"height":300,"caption":"Le Manoir-sur-Seine"},"image":{"@id":"https:\/\/lemanoirsurseine.ovh\/#\/schema\/logo\/image\/"},"sameAs":["https:\/\/www.facebook.com\/lemanoirsurseine"]}]}},"_links":{"self":[{"href":"https:\/\/lemanoirsurseine.ovh\/index.php?rest_route=\/wp\/v2\/pages\/89","targetHints":{"allow":["GET"]}}],"collection":[{"href":"https:\/\/lemanoirsurseine.ovh\/index.php?rest_route=\/wp\/v2\/pages"}],"about":[{"href":"https:\/\/lemanoirsurseine.ovh\/index.php?rest_route=\/wp\/v2\/types\/page"}],"author":[{"embeddable":true,"href":"https:\/\/lemanoirsurseine.ovh\/index.php?rest_route=\/wp\/v2\/users\/1"}],"replies":[{"embeddable":true,"href":"https:\/\/lemanoirsurseine.ovh\/index.php?rest_route=%2Fwp%2Fv2%2Fcomments&post=89"}],"version-history":[{"count":25,"href":"https:\/\/lemanoirsurseine.ovh\/index.php?rest_route=\/wp\/v2\/pages\/89\/revisions"}],"predecessor-version":[{"id":1614,"href":"https:\/\/lemanoirsurseine.ovh\/index.php?rest_route=\/wp\/v2\/pages\/89\/revisions\/1614"}],"wp:attachment":[{"href":"https:\/\/lemanoirsurseine.ovh\/index.php?rest_route=%2Fwp%2Fv2%2Fmedia&parent=89"}],"curies":[{"name":"wp","href":"https:\/\/api.w.org\/{rel}","templated":true}]}}