{"id":91,"date":"2022-06-23T14:59:17","date_gmt":"2022-06-23T12:59:17","guid":{"rendered":"http:\/\/lemanoirsurseine.ovh\/?page_id=91"},"modified":"2022-08-15T15:58:41","modified_gmt":"2022-08-15T13:58:41","slug":"livret-de-famille","status":"publish","type":"page","link":"https:\/\/lemanoirsurseine.ovh\/?page_id=91","title":{"rendered":"livret de famille"},"content":{"rendered":"\t\t<div data-elementor-type=\"wp-page\" data-elementor-id=\"91\" class=\"elementor elementor-91\">\n\t\t\t\t\t\t<section class=\"elementor-section elementor-top-section elementor-element elementor-element-14f0fd9 elementor-section-boxed elementor-section-height-default elementor-section-height-default\" data-id=\"14f0fd9\" data-element_type=\"section\" data-e-type=\"section\">\n\t\t\t\t\t\t<div class=\"elementor-container elementor-column-gap-default\">\n\t\t\t\t\t<div class=\"elementor-column elementor-col-100 elementor-top-column elementor-element elementor-element-431ee52\" data-id=\"431ee52\" data-element_type=\"column\" data-e-type=\"column\">\n\t\t\t<div class=\"elementor-widget-wrap elementor-element-populated\">\n\t\t\t\t\t\t<div class=\"elementor-element elementor-element-e94632e elementor-widget elementor-widget-image\" data-id=\"e94632e\" data-element_type=\"widget\" data-e-type=\"widget\" data-widget_type=\"image.default\">\n\t\t\t\t<div class=\"elementor-widget-container\">\n\t\t\t\t\t\t\t\t\t\t\t\t\t\t\t<img fetchpriority=\"high\" decoding=\"async\" width=\"800\" height=\"300\" src=\"https:\/\/lemanoirsurseine.ovh\/wp-content\/uploads\/2022\/08\/livret-de-famille.jpg\" class=\"attachment-large size-large wp-image-861\" alt=\"\" srcset=\"https:\/\/lemanoirsurseine.ovh\/wp-content\/uploads\/2022\/08\/livret-de-famille.jpg 800w, https:\/\/lemanoirsurseine.ovh\/wp-content\/uploads\/2022\/08\/livret-de-famille-300x113.jpg 300w, https:\/\/lemanoirsurseine.ovh\/wp-content\/uploads\/2022\/08\/livret-de-famille-768x288.jpg 768w\" sizes=\"(max-width: 800px) 100vw, 800px\" \/>\t\t\t\t\t\t\t\t\t\t\t\t\t\t\t<\/div>\n\t\t\t\t<\/div>\n\t\t\t\t\t<\/div>\n\t\t<\/div>\n\t\t\t\t\t<\/div>\n\t\t<\/section>\n\t\t\t\t<section class=\"elementor-section elementor-top-section elementor-element elementor-element-23021ac elementor-section-boxed elementor-section-height-default elementor-section-height-default\" data-id=\"23021ac\" data-element_type=\"section\" data-e-type=\"section\">\n\t\t\t\t\t\t<div class=\"elementor-container elementor-column-gap-default\">\n\t\t\t\t\t<div class=\"elementor-column elementor-col-100 elementor-top-column elementor-element elementor-element-fa7291b\" data-id=\"fa7291b\" data-element_type=\"column\" data-e-type=\"column\">\n\t\t\t<div class=\"elementor-widget-wrap elementor-element-populated\">\n\t\t\t\t\t\t<div class=\"elementor-element elementor-element-9a0e993 elementor-widget elementor-widget-text-editor\" data-id=\"9a0e993\" data-element_type=\"widget\" data-e-type=\"widget\" data-widget_type=\"text-editor.default\">\n\t\t\t\t<div class=\"elementor-widget-container\">\n\t\t\t\t\t\t\t\t\t<p><strong>Le livret de famille est d\u00e9livr\u00e9 dans deux situations<\/strong> :<\/p><p>Lors d\u2019un mariage.<\/p><p>A la naissance d\u2019un enfant.<\/p><p>Il contient les extraits d\u2019actes de naissance ou de mariage des parents et les extraits des actes de naissance des enfants issus des m\u00eames parents.<\/p><p>Il est compl\u00e9t\u00e9 par les communes qui d\u00e9tiennent les actes (naissance, mariage).<\/p><p>Il doit \u00eatre mis \u00e0 jour \u00e0 l\u2019occasion de tout \u00e9v\u00e9nement survenu apr\u00e8s sa d\u00e9livrance (mariage, naissance, divorce, d\u00e9c\u00e8s, etc.).<\/p><p>La mise \u00e0 jour du livret de famille est obligatoire et elle incombe \u00e0 son titulaire.<\/p><p><strong>\u00a0perte ou de vol :<\/strong>\u00a0le(s) titulaire(s) du livret peu(ven)t demander la production d\u2019un duplicata.<\/p><p><strong>\u00a0s\u00e9paration<\/strong> : le membre du couple qui ne d\u00e9tient pas le livret de famille peut en demander un second.<\/p><p>Seul un des titulaires du livret peut faire une demande pour en obtenir un deuxi\u00e8me.<\/p><p><strong>\u00a0d\u00e9c\u00e8s du ou des titulaires du livret :<\/strong>\u00a0les enfants ne peuvent pas obtenir la d\u00e9livrance d\u2019un second livret.<\/p><p>Les personnes vivant \u00e0 l\u2019\u00e9tranger, doivent s\u2019adresser \u00e0 l\u2019ambassade ou au consulat territorialement comp\u00e9tent.<\/p><p><strong>\u00a0vol :<\/strong>\u00a0une d\u00e9claration de vol est \u00e0 faire en gendarmerie ou au commissariat de police<\/p><p><strong>O\u00f9 s\u2019adresser\u00a0pour une demande de second livret<\/strong> : <strong>mairie de domicile<\/strong><\/p><p><u><strong>Pi\u00e8ces \u00e0 fournir<\/strong> :<\/u><\/p><p>Carte d\u2019identit\u00e9.<\/p><p>Formulaire \u00e0 remplir.<\/p><p><strong>Retrait du livret<\/strong><\/p><p>Vous devrez vous pr\u00e9senter avec une pi\u00e8ce d\u2019identit\u00e9 pour le retrait du livret de famille et il ne peut \u00eatre retir\u00e9 que par la personne ayant fait la demande.<\/p>\t\t\t\t\t\t\t\t<\/div>\n\t\t\t\t<\/div>\n\t\t\t\t\t<\/div>\n\t\t<\/div>\n\t\t\t\t\t<\/div>\n\t\t<\/section>\n\t\t\t\t<section class=\"elementor-section elementor-top-section elementor-element elementor-element-ce02faa elementor-section-boxed elementor-section-height-default elementor-section-height-default\" data-id=\"ce02faa\" data-element_type=\"section\" data-e-type=\"section\">\n\t\t\t\t\t\t<div class=\"elementor-container elementor-column-gap-default\">\n\t\t\t\t\t<div class=\"elementor-column elementor-col-25 elementor-top-column elementor-element elementor-element-059d245\" data-id=\"059d245\" data-element_type=\"column\" data-e-type=\"column\" data-settings=\"{&quot;background_background&quot;:&quot;classic&quot;}\">\n\t\t\t<div class=\"elementor-widget-wrap elementor-element-populated\">\n\t\t\t\t\t\t<div class=\"elementor-element elementor-element-52b4ba4 elementor-widget elementor-widget-image\" data-id=\"52b4ba4\" data-element_type=\"widget\" data-e-type=\"widget\" data-widget_type=\"image.default\">\n\t\t\t\t<div class=\"elementor-widget-container\">\n\t\t\t\t\t\t\t\t\t\t\t\t\t\t\t<img decoding=\"async\" width=\"150\" height=\"150\" src=\"https:\/\/lemanoirsurseine.ovh\/wp-content\/uploads\/2022\/08\/logo-manoir-web-150x150.jpg\" class=\"attachment-thumbnail size-thumbnail wp-image-231\" alt=\"\" \/>\t\t\t\t\t\t\t\t\t\t\t\t\t\t\t<\/div>\n\t\t\t\t<\/div>\n\t\t\t\t<div class=\"elementor-element elementor-element-1d2f199 elementor-widget elementor-widget-text-editor\" data-id=\"1d2f199\" data-element_type=\"widget\" data-e-type=\"widget\" data-widget_type=\"text-editor.default\">\n\t\t\t\t<div class=\"elementor-widget-container\">\n\t\t\t\t\t\t\t\t\t<p><strong>place George Levy<\/strong><\/p><p><strong>t\u00e9l\u00e9phone :<\/strong> 02 32 49 80 60\u00a0<\/p><p><strong>mail :<\/strong> mairie@mairielemanoir.fr<\/p>\t\t\t\t\t\t\t\t<\/div>\n\t\t\t\t<\/div>\n\t\t\t\t\t<\/div>\n\t\t<\/div>\n\t\t\t\t<div class=\"elementor-column elementor-col-25 elementor-top-column elementor-element elementor-element-25f58a4\" data-id=\"25f58a4\" data-element_type=\"column\" data-e-type=\"column\" data-settings=\"{&quot;background_background&quot;:&quot;classic&quot;}\">\n\t\t\t<div class=\"elementor-widget-wrap elementor-element-populated\">\n\t\t\t\t\t\t<div class=\"elementor-element elementor-element-d5fa2d6 elementor-widget elementor-widget-text-editor\" data-id=\"d5fa2d6\" data-element_type=\"widget\" data-e-type=\"widget\" data-widget_type=\"text-editor.default\">\n\t\t\t\t<div class=\"elementor-widget-container\">\n\t\t\t\t\t\t\t\t\t<p><strong>HORAIRES DE LA MAIRIE :<\/strong><\/p><p><strong>Lundi, Mardi, Jeudi :<\/strong><\/p><p>8h30-12h00 13h30-17h30<\/p><p><strong>Mercredi :<\/strong><\/p><p>8h30-12h00<\/p><p><strong>Vendredi :<\/strong><\/p><p>8h30-12h00 13h30-17h00<\/p>\t\t\t\t\t\t\t\t<\/div>\n\t\t\t\t<\/div>\n\t\t\t\t\t<\/div>\n\t\t<\/div>\n\t\t\t\t<div class=\"elementor-column elementor-col-25 elementor-top-column elementor-element elementor-element-1a82cf4\" data-id=\"1a82cf4\" data-element_type=\"column\" data-e-type=\"column\" data-settings=\"{&quot;background_background&quot;:&quot;classic&quot;}\">\n\t\t\t<div class=\"elementor-widget-wrap elementor-element-populated\">\n\t\t\t\t\t\t<div class=\"elementor-element elementor-element-8442ac7 elementor-widget elementor-widget-text-editor\" data-id=\"8442ac7\" data-element_type=\"widget\" data-e-type=\"widget\" data-widget_type=\"text-editor.default\">\n\t\t\t\t<div class=\"elementor-widget-container\">\n\t\t\t\t\t\t\t\t\t<p><strong>Plan du site\u00a0<\/strong><\/p><p><strong>Mentions l\u00e9gales<\/strong><\/p>\t\t\t\t\t\t\t\t<\/div>\n\t\t\t\t<\/div>\n\t\t\t\t\t<\/div>\n\t\t<\/div>\n\t\t\t\t<div class=\"elementor-column elementor-col-25 elementor-top-column elementor-element elementor-element-360cfec\" data-id=\"360cfec\" data-element_type=\"column\" data-e-type=\"column\" data-settings=\"{&quot;background_background&quot;:&quot;classic&quot;}\">\n\t\t\t<div class=\"elementor-widget-wrap elementor-element-populated\">\n\t\t\t\t\t\t<div class=\"elementor-element elementor-element-ba133e2 elementor-view-default elementor-widget elementor-widget-icon\" data-id=\"ba133e2\" data-element_type=\"widget\" data-e-type=\"widget\" data-widget_type=\"icon.default\">\n\t\t\t\t<div class=\"elementor-widget-container\">\n\t\t\t\t\t\t\t<div class=\"elementor-icon-wrapper\">\n\t\t\t<div class=\"elementor-icon\">\n\t\t\t<i aria-hidden=\"true\" class=\"far fa-copyright\"><\/i>\t\t\t<\/div>\n\t\t<\/div>\n\t\t\t\t\t\t<\/div>\n\t\t\t\t<\/div>\n\t\t\t\t<div class=\"elementor-element elementor-element-9e27b2b elementor-widget elementor-widget-text-editor\" data-id=\"9e27b2b\" data-element_type=\"widget\" data-e-type=\"widget\" data-widget_type=\"text-editor.default\">\n\t\t\t\t<div class=\"elementor-widget-container\">\n\t\t\t\t\t\t\t\t\t<p>copyright\/<\/p><p><strong>par la mairie de Le Manoir-sur-Seine<\/strong><\/p><p>propuls\u00e9 par\u00a0l&rsquo;agence<\/p><p><strong>OB WEB DESIGNER\u00a0<\/strong><\/p>\t\t\t\t\t\t\t\t<\/div>\n\t\t\t\t<\/div>\n\t\t\t\t\t<\/div>\n\t\t<\/div>\n\t\t\t\t\t<\/div>\n\t\t<\/section>\n\t\t\t\t<\/div>\n\t\t","protected":false},"excerpt":{"rendered":"<p>Le livret de famille est d\u00e9livr\u00e9 dans deux situations : Lors d\u2019un mariage. A la naissance d\u2019un enfant. Il contient les extraits d\u2019actes de naissance ou de mariage des parents et les extraits des actes de naissance des enfants issus des m\u00eames parents. Il est compl\u00e9t\u00e9 par les communes qui d\u00e9tiennent les actes (naissance, mariage).&nbsp;&hellip;<\/p>\n","protected":false},"author":1,"featured_media":0,"parent":0,"menu_order":0,"comment_status":"closed","ping_status":"closed","template":"","meta":{"footnotes":""},"class_list":["post-91","page","type-page","status-publish","hentry"],"yoast_head":"<!-- This site is optimized with the Yoast SEO plugin v27.1.1 - https:\/\/yoast.com\/product\/yoast-seo-wordpress\/ -->\n<title>livret de famille -<\/title>\n<meta name=\"robots\" content=\"index, follow, max-snippet:-1, max-image-preview:large, max-video-preview:-1\" \/>\n<link rel=\"canonical\" href=\"https:\/\/lemanoirsurseine.ovh\/?page_id=91\" \/>\n<meta property=\"og:locale\" content=\"fr_FR\" \/>\n<meta property=\"og:type\" content=\"article\" \/>\n<meta property=\"og:title\" content=\"livret de famille -\" \/>\n<meta property=\"og:description\" content=\"Le livret de famille est d\u00e9livr\u00e9 dans deux situations : Lors d\u2019un mariage. A la naissance d\u2019un enfant. Il contient les extraits d\u2019actes de naissance ou de mariage des parents et les extraits des actes de naissance des enfants issus des m\u00eames parents. Il est compl\u00e9t\u00e9 par les communes qui d\u00e9tiennent les actes (naissance, mariage).&nbsp;&hellip;\" \/>\n<meta property=\"og:url\" content=\"https:\/\/lemanoirsurseine.ovh\/?page_id=91\" \/>\n<meta property=\"article:publisher\" content=\"https:\/\/www.facebook.com\/lemanoirsurseine\" \/>\n<meta property=\"article:modified_time\" content=\"2022-08-15T13:58:41+00:00\" \/>\n<meta property=\"og:image\" content=\"http:\/\/lemanoirsurseine.ovh\/wp-content\/uploads\/2022\/08\/livret-de-famille.jpg\" \/>\n<meta name=\"twitter:card\" content=\"summary_large_image\" \/>\n<meta name=\"twitter:label1\" content=\"Dur\u00e9e de lecture estim\u00e9e\" \/>\n\t<meta name=\"twitter:data1\" content=\"2 minutes\" \/>\n<script type=\"application\/ld+json\" class=\"yoast-schema-graph\">{\"@context\":\"https:\/\/schema.org\",\"@graph\":[{\"@type\":\"WebPage\",\"@id\":\"https:\/\/lemanoirsurseine.ovh\/?page_id=91\",\"url\":\"https:\/\/lemanoirsurseine.ovh\/?page_id=91\",\"name\":\"livret de famille -\",\"isPartOf\":{\"@id\":\"https:\/\/lemanoirsurseine.ovh\/#website\"},\"primaryImageOfPage\":{\"@id\":\"https:\/\/lemanoirsurseine.ovh\/?page_id=91#primaryimage\"},\"image\":{\"@id\":\"https:\/\/lemanoirsurseine.ovh\/?page_id=91#primaryimage\"},\"thumbnailUrl\":\"http:\/\/lemanoirsurseine.ovh\/wp-content\/uploads\/2022\/08\/livret-de-famille.jpg\",\"datePublished\":\"2022-06-23T12:59:17+00:00\",\"dateModified\":\"2022-08-15T13:58:41+00:00\",\"breadcrumb\":{\"@id\":\"https:\/\/lemanoirsurseine.ovh\/?page_id=91#breadcrumb\"},\"inLanguage\":\"fr-FR\",\"potentialAction\":[{\"@type\":\"ReadAction\",\"target\":[\"https:\/\/lemanoirsurseine.ovh\/?page_id=91\"]}]},{\"@type\":\"ImageObject\",\"inLanguage\":\"fr-FR\",\"@id\":\"https:\/\/lemanoirsurseine.ovh\/?page_id=91#primaryimage\",\"url\":\"https:\/\/lemanoirsurseine.ovh\/wp-content\/uploads\/2022\/08\/livret-de-famille.jpg\",\"contentUrl\":\"https:\/\/lemanoirsurseine.ovh\/wp-content\/uploads\/2022\/08\/livret-de-famille.jpg\",\"width\":800,\"height\":300},{\"@type\":\"BreadcrumbList\",\"@id\":\"https:\/\/lemanoirsurseine.ovh\/?page_id=91#breadcrumb\",\"itemListElement\":[{\"@type\":\"ListItem\",\"position\":1,\"name\":\"Accueil\",\"item\":\"https:\/\/lemanoirsurseine.ovh\/\"},{\"@type\":\"ListItem\",\"position\":2,\"name\":\"livret de famille\"}]},{\"@type\":\"WebSite\",\"@id\":\"https:\/\/lemanoirsurseine.ovh\/#website\",\"url\":\"https:\/\/lemanoirsurseine.ovh\/\",\"name\":\"\",\"description\":\"\",\"publisher\":{\"@id\":\"https:\/\/lemanoirsurseine.ovh\/#organization\"},\"potentialAction\":[{\"@type\":\"SearchAction\",\"target\":{\"@type\":\"EntryPoint\",\"urlTemplate\":\"https:\/\/lemanoirsurseine.ovh\/?s={search_term_string}\"},\"query-input\":{\"@type\":\"PropertyValueSpecification\",\"valueRequired\":true,\"valueName\":\"search_term_string\"}}],\"inLanguage\":\"fr-FR\"},{\"@type\":\"Organization\",\"@id\":\"https:\/\/lemanoirsurseine.ovh\/#organization\",\"name\":\"Le Manoir-sur-Seine\",\"url\":\"https:\/\/lemanoirsurseine.ovh\/\",\"logo\":{\"@type\":\"ImageObject\",\"inLanguage\":\"fr-FR\",\"@id\":\"https:\/\/lemanoirsurseine.ovh\/#\/schema\/logo\/image\/\",\"url\":\"http:\/\/lemanoirsurseine.ovh\/wp-content\/uploads\/2022\/06\/cropped-logomanoir13-1-300x300-1.png\",\"contentUrl\":\"http:\/\/lemanoirsurseine.ovh\/wp-content\/uploads\/2022\/06\/cropped-logomanoir13-1-300x300-1.png\",\"width\":300,\"height\":300,\"caption\":\"Le Manoir-sur-Seine\"},\"image\":{\"@id\":\"https:\/\/lemanoirsurseine.ovh\/#\/schema\/logo\/image\/\"},\"sameAs\":[\"https:\/\/www.facebook.com\/lemanoirsurseine\"]}]}<\/script>\n<!-- \/ Yoast SEO plugin. -->","yoast_head_json":{"title":"livret de famille -","robots":{"index":"index","follow":"follow","max-snippet":"max-snippet:-1","max-image-preview":"max-image-preview:large","max-video-preview":"max-video-preview:-1"},"canonical":"https:\/\/lemanoirsurseine.ovh\/?page_id=91","og_locale":"fr_FR","og_type":"article","og_title":"livret de famille -","og_description":"Le livret de famille est d\u00e9livr\u00e9 dans deux situations : Lors d\u2019un mariage. A la naissance d\u2019un enfant. Il contient les extraits d\u2019actes de naissance ou de mariage des parents et les extraits des actes de naissance des enfants issus des m\u00eames parents. Il est compl\u00e9t\u00e9 par les communes qui d\u00e9tiennent les actes (naissance, mariage).&nbsp;&hellip;","og_url":"https:\/\/lemanoirsurseine.ovh\/?page_id=91","article_publisher":"https:\/\/www.facebook.com\/lemanoirsurseine","article_modified_time":"2022-08-15T13:58:41+00:00","og_image":[{"url":"http:\/\/lemanoirsurseine.ovh\/wp-content\/uploads\/2022\/08\/livret-de-famille.jpg","type":"","width":"","height":""}],"twitter_card":"summary_large_image","twitter_misc":{"Dur\u00e9e de lecture estim\u00e9e":"2 minutes"},"schema":{"@context":"https:\/\/schema.org","@graph":[{"@type":"WebPage","@id":"https:\/\/lemanoirsurseine.ovh\/?page_id=91","url":"https:\/\/lemanoirsurseine.ovh\/?page_id=91","name":"livret de famille -","isPartOf":{"@id":"https:\/\/lemanoirsurseine.ovh\/#website"},"primaryImageOfPage":{"@id":"https:\/\/lemanoirsurseine.ovh\/?page_id=91#primaryimage"},"image":{"@id":"https:\/\/lemanoirsurseine.ovh\/?page_id=91#primaryimage"},"thumbnailUrl":"http:\/\/lemanoirsurseine.ovh\/wp-content\/uploads\/2022\/08\/livret-de-famille.jpg","datePublished":"2022-06-23T12:59:17+00:00","dateModified":"2022-08-15T13:58:41+00:00","breadcrumb":{"@id":"https:\/\/lemanoirsurseine.ovh\/?page_id=91#breadcrumb"},"inLanguage":"fr-FR","potentialAction":[{"@type":"ReadAction","target":["https:\/\/lemanoirsurseine.ovh\/?page_id=91"]}]},{"@type":"ImageObject","inLanguage":"fr-FR","@id":"https:\/\/lemanoirsurseine.ovh\/?page_id=91#primaryimage","url":"https:\/\/lemanoirsurseine.ovh\/wp-content\/uploads\/2022\/08\/livret-de-famille.jpg","contentUrl":"https:\/\/lemanoirsurseine.ovh\/wp-content\/uploads\/2022\/08\/livret-de-famille.jpg","width":800,"height":300},{"@type":"BreadcrumbList","@id":"https:\/\/lemanoirsurseine.ovh\/?page_id=91#breadcrumb","itemListElement":[{"@type":"ListItem","position":1,"name":"Accueil","item":"https:\/\/lemanoirsurseine.ovh\/"},{"@type":"ListItem","position":2,"name":"livret de famille"}]},{"@type":"WebSite","@id":"https:\/\/lemanoirsurseine.ovh\/#website","url":"https:\/\/lemanoirsurseine.ovh\/","name":"","description":"","publisher":{"@id":"https:\/\/lemanoirsurseine.ovh\/#organization"},"potentialAction":[{"@type":"SearchAction","target":{"@type":"EntryPoint","urlTemplate":"https:\/\/lemanoirsurseine.ovh\/?s={search_term_string}"},"query-input":{"@type":"PropertyValueSpecification","valueRequired":true,"valueName":"search_term_string"}}],"inLanguage":"fr-FR"},{"@type":"Organization","@id":"https:\/\/lemanoirsurseine.ovh\/#organization","name":"Le Manoir-sur-Seine","url":"https:\/\/lemanoirsurseine.ovh\/","logo":{"@type":"ImageObject","inLanguage":"fr-FR","@id":"https:\/\/lemanoirsurseine.ovh\/#\/schema\/logo\/image\/","url":"http:\/\/lemanoirsurseine.ovh\/wp-content\/uploads\/2022\/06\/cropped-logomanoir13-1-300x300-1.png","contentUrl":"http:\/\/lemanoirsurseine.ovh\/wp-content\/uploads\/2022\/06\/cropped-logomanoir13-1-300x300-1.png","width":300,"height":300,"caption":"Le Manoir-sur-Seine"},"image":{"@id":"https:\/\/lemanoirsurseine.ovh\/#\/schema\/logo\/image\/"},"sameAs":["https:\/\/www.facebook.com\/lemanoirsurseine"]}]}},"_links":{"self":[{"href":"https:\/\/lemanoirsurseine.ovh\/index.php?rest_route=\/wp\/v2\/pages\/91","targetHints":{"allow":["GET"]}}],"collection":[{"href":"https:\/\/lemanoirsurseine.ovh\/index.php?rest_route=\/wp\/v2\/pages"}],"about":[{"href":"https:\/\/lemanoirsurseine.ovh\/index.php?rest_route=\/wp\/v2\/types\/page"}],"author":[{"embeddable":true,"href":"https:\/\/lemanoirsurseine.ovh\/index.php?rest_route=\/wp\/v2\/users\/1"}],"replies":[{"embeddable":true,"href":"https:\/\/lemanoirsurseine.ovh\/index.php?rest_route=%2Fwp%2Fv2%2Fcomments&post=91"}],"version-history":[{"count":25,"href":"https:\/\/lemanoirsurseine.ovh\/index.php?rest_route=\/wp\/v2\/pages\/91\/revisions"}],"predecessor-version":[{"id":1620,"href":"https:\/\/lemanoirsurseine.ovh\/index.php?rest_route=\/wp\/v2\/pages\/91\/revisions\/1620"}],"wp:attachment":[{"href":"https:\/\/lemanoirsurseine.ovh\/index.php?rest_route=%2Fwp%2Fv2%2Fmedia&parent=91"}],"curies":[{"name":"wp","href":"https:\/\/api.w.org\/{rel}","templated":true}]}}